{"id":2926,"date":"2024-11-26T11:43:52","date_gmt":"2024-11-26T11:43:52","guid":{"rendered":"https:\/\/lacovadesantquirze.com\/?page_id=2926"},"modified":"2024-12-30T14:34:41","modified_gmt":"2024-12-30T14:34:41","slug":"menu-especial-fin-de-ano-la-cova-sant-quirze","status":"publish","type":"page","link":"https:\/\/lacovadesantquirze.com\/ca\/menu-especial-fin-de-ano-la-cova-sant-quirze\/","title":{"rendered":"Cap d&#039;any"},"content":{"rendered":"<div data-elementor-type=\"wp-page\" data-elementor-id=\"2926\" class=\"elementor elementor-2926\" data-elementor-post-type=\"page\">\n\t\t\t\t<div class=\"elementor-element elementor-element-3a155033 e-flex e-con-boxed e-con e-parent\" data-id=\"3a155033\" data-element_type=\"container\" data-e-type=\"container\" data-settings=\"{&quot;background_background&quot;:&quot;classic&quot;,&quot;shape_divider_bottom&quot;:&quot;tilt&quot;}\">\n\t\t\t\t\t<div class=\"e-con-inner\">\n\t\t\t\t<div class=\"elementor-shape elementor-shape-bottom\" aria-hidden=\"true\" data-negative=\"false\">\n\t\t\t<svg xmlns=\"http:\/\/www.w3.org\/2000\/svg\" viewbox=\"0 0 1000 100\" preserveaspectratio=\"none\">\n\t<path class=\"elementor-shape-fill\" d=\"M0,6V0h1000v100L0,6z\"\/>\n<\/svg>\t\t<\/div>\n\t\t<div class=\"elementor-element elementor-element-3ebc1a17 e-con-full e-flex e-con e-child\" data-id=\"3ebc1a17\" data-element_type=\"container\" data-e-type=\"container\">\n\t\t\t\t<div class=\"elementor-element elementor-element-3fc11395 elementor-widget elementor-widget-heading\" data-id=\"3fc11395\" data-element_type=\"widget\" data-e-type=\"widget\" data-widget_type=\"heading.default\">\n\t\t\t\t<div class=\"elementor-widget-container\">\n\t\t\t\t\t<h1 class=\"elementor-heading-title elementor-size-default\">La Carta i Men\u00fas<\/h1>\t\t\t\t<\/div>\n\t\t\t\t<\/div>\n\t\t\t\t<\/div>\n\t\t\t\t\t<\/div>\n\t\t\t\t<\/div>\n\t\t<div class=\"elementor-element elementor-element-1c4c4cf5 e-flex e-con-boxed e-con e-parent\" data-id=\"1c4c4cf5\" data-element_type=\"container\" data-e-type=\"container\" data-settings=\"{&quot;background_background&quot;:&quot;classic&quot;}\">\n\t\t\t\t\t<div class=\"e-con-inner\">\n\t\t\t\t<div class=\"elementor-element elementor-element-bbf1b0f elementor-widget elementor-widget-heading\" data-id=\"bbf1b0f\" data-element_type=\"widget\" data-e-type=\"widget\" data-widget_type=\"heading.default\">\n\t\t\t\t<div class=\"elementor-widget-container\">\n\t\t\t\t\t<h2 class=\"elementor-heading-title elementor-size-default\">Men\u00fa Especial Cap d&#039;any<\/h2>\t\t\t\t<\/div>\n\t\t\t\t<\/div>\n\t\t\t\t<div class=\"elementor-element elementor-element-52ab3b51 elementor-align-center elementor-widget elementor-widget-button\" data-id=\"52ab3b51\" data-element_type=\"widget\" data-e-type=\"widget\" data-widget_type=\"button.default\">\n\t\t\t\t<div class=\"elementor-widget-container\">\n\t\t\t\t\t\t\t\t\t<div class=\"elementor-button-wrapper\">\n\t\t\t\t\t<a class=\"elementor-button elementor-button-link elementor-size-sm\" href=\"https:\/\/www.fourvenues.com\/es\/la-cova\/events\/reservar-para-cenar-o-entradas-anticipadas-31-12-2024-WVC5\" rel=\"nofollow\">\n\t\t\t\t\t\t<span class=\"elementor-button-content-wrapper\">\n\t\t\t\t\t\t\t\t\t<span class=\"elementor-button-text\">COMPRAR ENTRADES<\/span>\n\t\t\t\t\t<\/span>\n\t\t\t\t\t<\/a>\n\t\t\t\t<\/div>\n\t\t\t\t\t\t\t\t<\/div>\n\t\t\t\t<\/div>\n\t\t\t\t\t<\/div>\n\t\t\t\t<\/div>\n\t\t<div class=\"elementor-element elementor-element-6f8234f e-con-full e-flex e-con e-parent\" data-id=\"6f8234f\" data-element_type=\"container\" data-e-type=\"container\" data-settings=\"{&quot;background_background&quot;:&quot;classic&quot;}\">\n\t\t<div class=\"elementor-element elementor-element-2271c7ad e-con-full e-flex elementor-invisible e-con e-child\" data-id=\"2271c7ad\" data-element_type=\"container\" data-e-type=\"container\" data-settings=\"{&quot;animation&quot;:&quot;slideInLeft&quot;}\">\n\t\t\t\t<div class=\"elementor-element elementor-element-63410aa9 elementor-widget-mobile__width-inherit elementor-widget__width-inherit elementor-widget elementor-widget-image\" data-id=\"63410aa9\" data-element_type=\"widget\" data-e-type=\"widget\" data-widget_type=\"image.default\">\n\t\t\t\t<div class=\"elementor-widget-container\">\n\t\t\t\t\t\t\t\t\t\t\t\t\t\t\t\t<a href=\"https:\/\/lacovadesantquirze.com\/wp-content\/uploads\/2024\/11\/MENU-FIN-DE-ANO-2024.webp\" data-elementor-open-lightbox=\"yes\" data-elementor-lightbox-title=\"MENU FIN DE A\u00d1O 2024\" data-e-action-hash=\"#elementor-action%3Aaction%3Dlightbox%26settings%3DeyJpZCI6MjkyOCwidXJsIjoiaHR0cHM6XC9cL2xhY292YWRlc2FudHF1aXJ6ZS5jb21cL3dwLWNvbnRlbnRcL3VwbG9hZHNcLzIwMjRcLzExXC9NRU5VLUZJTi1ERS1BTk8tMjAyNC53ZWJwIn0%3D\">\n\t\t\t\t\t\t\t<img fetchpriority=\"high\" decoding=\"async\" width=\"1131\" height=\"1600\" src=\"https:\/\/lacovadesantquirze.com\/wp-content\/uploads\/2024\/11\/MENU-FIN-DE-ANO-2024.webp\" class=\"attachment-full size-full wp-image-2928\" alt=\"Men\u00fa especial fin de a\u00f1o restaurante La Cova Sant Quirze\" srcset=\"https:\/\/lacovadesantquirze.com\/wp-content\/uploads\/2024\/11\/MENU-FIN-DE-ANO-2024.webp 1131w, https:\/\/lacovadesantquirze.com\/wp-content\/uploads\/2024\/11\/MENU-FIN-DE-ANO-2024-353x500.webp 353w, https:\/\/lacovadesantquirze.com\/wp-content\/uploads\/2024\/11\/MENU-FIN-DE-ANO-2024-848x1200.webp 848w, https:\/\/lacovadesantquirze.com\/wp-content\/uploads\/2024\/11\/MENU-FIN-DE-ANO-2024-212x300.webp 212w, https:\/\/lacovadesantquirze.com\/wp-content\/uploads\/2024\/11\/MENU-FIN-DE-ANO-2024-768x1086.webp 768w, https:\/\/lacovadesantquirze.com\/wp-content\/uploads\/2024\/11\/MENU-FIN-DE-ANO-2024-1086x1536.webp 1086w, https:\/\/lacovadesantquirze.com\/wp-content\/uploads\/2024\/11\/MENU-FIN-DE-ANO-2024-53x75.webp 53w, https:\/\/lacovadesantquirze.com\/wp-content\/uploads\/2024\/11\/MENU-FIN-DE-ANO-2024-700x990.webp 700w\" sizes=\"(max-width:767px) 700px, (max-width:1131px) 100vw, 1131px\" \/>\t\t\t\t\t\t\t\t<\/a>\n\t\t\t\t\t\t\t\t\t\t\t\t\t\t\t<\/div>\n\t\t\t\t<\/div>\n\t\t\t\t<\/div>\n\t\t\t\t<\/div>\n\t\t\t\t<\/div>","protected":false},"excerpt":{"rendered":"<p>La Carta y Men\u00fas Men\u00fa Especial Fin de a\u00f1o COMPRAR ENTRADAS<\/p>","protected":false},"author":3,"featured_media":0,"parent":0,"menu_order":0,"comment_status":"closed","ping_status":"closed","template":"elementor_header_footer","meta":{"footnotes":""},"class_list":["post-2926","page","type-page","status-publish","hentry"],"yoast_head":"<!-- This site is optimized with the Yoast SEO plugin v27.5 - https:\/\/yoast.com\/product\/yoast-seo-wordpress\/ -->\n<title>Fin de a\u00f1o - Restaurante La Cova<\/title>\n<meta name=\"robots\" content=\"index, follow, max-snippet:-1, max-image-preview:large, max-video-preview:-1\" \/>\n<link rel=\"canonical\" href=\"https:\/\/lacovadesantquirze.com\/ca\/menu-especial-fin-de-ano-la-cova-sant-quirze\/\" \/>\n<meta property=\"og:locale\" content=\"ca_ES\" \/>\n<meta property=\"og:type\" content=\"article\" \/>\n<meta property=\"og:title\" content=\"Fin de a\u00f1o - Restaurante La Cova\" \/>\n<meta property=\"og:description\" content=\"La Carta y Men\u00fas Men\u00fa Especial Fin de a\u00f1o COMPRAR ENTRADAS\" \/>\n<meta property=\"og:url\" content=\"https:\/\/lacovadesantquirze.com\/ca\/menu-especial-fin-de-ano-la-cova-sant-quirze\/\" \/>\n<meta property=\"og:site_name\" content=\"Restaurante La Cova\" \/>\n<meta property=\"article:publisher\" content=\"https:\/\/www.facebook.com\/lacovadesantquirze\/?locale=es_LA\" \/>\n<meta property=\"article:modified_time\" content=\"2024-12-30T14:34:41+00:00\" \/>\n<meta property=\"og:image\" content=\"https:\/\/lacovadesantquirze.com\/wp-content\/uploads\/2024\/11\/MENU-FIN-DE-ANO-2024.webp\" \/>\n\t<meta property=\"og:image:width\" content=\"1131\" \/>\n\t<meta property=\"og:image:height\" content=\"1600\" \/>\n\t<meta property=\"og:image:type\" content=\"image\/webp\" \/>\n<meta name=\"twitter:card\" content=\"summary_large_image\" \/>\n<meta name=\"twitter:label1\" content=\"Temps estimat de lectura\" \/>\n\t<meta name=\"twitter:data1\" content=\"1 minut\" \/>\n<script type=\"application\/ld+json\" class=\"yoast-schema-graph\">{\"@context\":\"https:\\\/\\\/schema.org\",\"@graph\":[{\"@type\":\"WebPage\",\"@id\":\"https:\\\/\\\/lacovadesantquirze.com\\\/menu-especial-fin-de-ano-la-cova-sant-quirze\\\/\",\"url\":\"https:\\\/\\\/lacovadesantquirze.com\\\/menu-especial-fin-de-ano-la-cova-sant-quirze\\\/\",\"name\":\"Fin de a\u00f1o - Restaurante La Cova\",\"isPartOf\":{\"@id\":\"https:\\\/\\\/lacovadesantquirze.com\\\/#website\"},\"primaryImageOfPage\":{\"@id\":\"https:\\\/\\\/lacovadesantquirze.com\\\/menu-especial-fin-de-ano-la-cova-sant-quirze\\\/#primaryimage\"},\"image\":{\"@id\":\"https:\\\/\\\/lacovadesantquirze.com\\\/menu-especial-fin-de-ano-la-cova-sant-quirze\\\/#primaryimage\"},\"thumbnailUrl\":\"https:\\\/\\\/lacovadesantquirze.com\\\/wp-content\\\/uploads\\\/2024\\\/11\\\/MENU-FIN-DE-ANO-2024.webp\",\"datePublished\":\"2024-11-26T11:43:52+00:00\",\"dateModified\":\"2024-12-30T14:34:41+00:00\",\"breadcrumb\":{\"@id\":\"https:\\\/\\\/lacovadesantquirze.com\\\/menu-especial-fin-de-ano-la-cova-sant-quirze\\\/#breadcrumb\"},\"inLanguage\":\"ca\",\"potentialAction\":[{\"@type\":\"ReadAction\",\"target\":[\"https:\\\/\\\/lacovadesantquirze.com\\\/menu-especial-fin-de-ano-la-cova-sant-quirze\\\/\"]}]},{\"@type\":\"ImageObject\",\"inLanguage\":\"ca\",\"@id\":\"https:\\\/\\\/lacovadesantquirze.com\\\/menu-especial-fin-de-ano-la-cova-sant-quirze\\\/#primaryimage\",\"url\":\"https:\\\/\\\/lacovadesantquirze.com\\\/wp-content\\\/uploads\\\/2024\\\/11\\\/MENU-FIN-DE-ANO-2024.webp\",\"contentUrl\":\"https:\\\/\\\/lacovadesantquirze.com\\\/wp-content\\\/uploads\\\/2024\\\/11\\\/MENU-FIN-DE-ANO-2024.webp\"},{\"@type\":\"BreadcrumbList\",\"@id\":\"https:\\\/\\\/lacovadesantquirze.com\\\/menu-especial-fin-de-ano-la-cova-sant-quirze\\\/#breadcrumb\",\"itemListElement\":[{\"@type\":\"ListItem\",\"position\":1,\"name\":\"Portada\",\"item\":\"https:\\\/\\\/lacovadesantquirze.com\\\/\"},{\"@type\":\"ListItem\",\"position\":2,\"name\":\"Fin de a\u00f1o\"}]},{\"@type\":\"WebSite\",\"@id\":\"https:\\\/\\\/lacovadesantquirze.com\\\/#website\",\"url\":\"https:\\\/\\\/lacovadesantquirze.com\\\/\",\"name\":\"Restaurante La Cova\",\"description\":\"Restaurante La Cova\",\"publisher\":{\"@id\":\"https:\\\/\\\/lacovadesantquirze.com\\\/#organization\"},\"potentialAction\":[{\"@type\":\"SearchAction\",\"target\":{\"@type\":\"EntryPoint\",\"urlTemplate\":\"https:\\\/\\\/lacovadesantquirze.com\\\/?s={search_term_string}\"},\"query-input\":{\"@type\":\"PropertyValueSpecification\",\"valueRequired\":true,\"valueName\":\"search_term_string\"}}],\"inLanguage\":\"ca\"},{\"@type\":\"Organization\",\"@id\":\"https:\\\/\\\/lacovadesantquirze.com\\\/#organization\",\"name\":\"Restaurante La Cova Copes\",\"url\":\"https:\\\/\\\/lacovadesantquirze.com\\\/\",\"logo\":{\"@type\":\"ImageObject\",\"inLanguage\":\"ca\",\"@id\":\"https:\\\/\\\/lacovadesantquirze.com\\\/#\\\/schema\\\/logo\\\/image\\\/\",\"url\":\"https:\\\/\\\/lacovadesantquirze.com\\\/wp-content\\\/uploads\\\/2024\\\/04\\\/La-Cova500x500.webp\",\"contentUrl\":\"https:\\\/\\\/lacovadesantquirze.com\\\/wp-content\\\/uploads\\\/2024\\\/04\\\/La-Cova500x500.webp\",\"width\":500,\"height\":500,\"caption\":\"Restaurante La Cova Copes\"},\"image\":{\"@id\":\"https:\\\/\\\/lacovadesantquirze.com\\\/#\\\/schema\\\/logo\\\/image\\\/\"},\"sameAs\":[\"https:\\\/\\\/www.facebook.com\\\/lacovadesantquirze\\\/?locale=es_LA\",\"https:\\\/\\\/www.instagram.com\\\/lacovacopes\\\/\"]}]}<\/script>\n<!-- \/ Yoast SEO plugin. -->","yoast_head_json":{"title":"Fin de a\u00f1o - Restaurante La Cova","robots":{"index":"index","follow":"follow","max-snippet":"max-snippet:-1","max-image-preview":"max-image-preview:large","max-video-preview":"max-video-preview:-1"},"canonical":"https:\/\/lacovadesantquirze.com\/ca\/menu-especial-fin-de-ano-la-cova-sant-quirze\/","og_locale":"ca_ES","og_type":"article","og_title":"Fin de a\u00f1o - Restaurante La Cova","og_description":"La Carta y Men\u00fas Men\u00fa Especial Fin de a\u00f1o COMPRAR ENTRADAS","og_url":"https:\/\/lacovadesantquirze.com\/ca\/menu-especial-fin-de-ano-la-cova-sant-quirze\/","og_site_name":"Restaurante La Cova","article_publisher":"https:\/\/www.facebook.com\/lacovadesantquirze\/?locale=es_LA","article_modified_time":"2024-12-30T14:34:41+00:00","og_image":[{"width":1131,"height":1600,"url":"https:\/\/lacovadesantquirze.com\/wp-content\/uploads\/2024\/11\/MENU-FIN-DE-ANO-2024.webp","type":"image\/webp"}],"twitter_card":"summary_large_image","twitter_misc":{"Temps estimat de lectura":"1 minut"},"schema":{"@context":"https:\/\/schema.org","@graph":[{"@type":"WebPage","@id":"https:\/\/lacovadesantquirze.com\/menu-especial-fin-de-ano-la-cova-sant-quirze\/","url":"https:\/\/lacovadesantquirze.com\/menu-especial-fin-de-ano-la-cova-sant-quirze\/","name":"Fin de a\u00f1o - Restaurante La Cova","isPartOf":{"@id":"https:\/\/lacovadesantquirze.com\/#website"},"primaryImageOfPage":{"@id":"https:\/\/lacovadesantquirze.com\/menu-especial-fin-de-ano-la-cova-sant-quirze\/#primaryimage"},"image":{"@id":"https:\/\/lacovadesantquirze.com\/menu-especial-fin-de-ano-la-cova-sant-quirze\/#primaryimage"},"thumbnailUrl":"https:\/\/lacovadesantquirze.com\/wp-content\/uploads\/2024\/11\/MENU-FIN-DE-ANO-2024.webp","datePublished":"2024-11-26T11:43:52+00:00","dateModified":"2024-12-30T14:34:41+00:00","breadcrumb":{"@id":"https:\/\/lacovadesantquirze.com\/menu-especial-fin-de-ano-la-cova-sant-quirze\/#breadcrumb"},"inLanguage":"ca","potentialAction":[{"@type":"ReadAction","target":["https:\/\/lacovadesantquirze.com\/menu-especial-fin-de-ano-la-cova-sant-quirze\/"]}]},{"@type":"ImageObject","inLanguage":"ca","@id":"https:\/\/lacovadesantquirze.com\/menu-especial-fin-de-ano-la-cova-sant-quirze\/#primaryimage","url":"https:\/\/lacovadesantquirze.com\/wp-content\/uploads\/2024\/11\/MENU-FIN-DE-ANO-2024.webp","contentUrl":"https:\/\/lacovadesantquirze.com\/wp-content\/uploads\/2024\/11\/MENU-FIN-DE-ANO-2024.webp"},{"@type":"BreadcrumbList","@id":"https:\/\/lacovadesantquirze.com\/menu-especial-fin-de-ano-la-cova-sant-quirze\/#breadcrumb","itemListElement":[{"@type":"ListItem","position":1,"name":"Portada","item":"https:\/\/lacovadesantquirze.com\/"},{"@type":"ListItem","position":2,"name":"Fin de a\u00f1o"}]},{"@type":"WebSite","@id":"https:\/\/lacovadesantquirze.com\/#website","url":"https:\/\/lacovadesantquirze.com\/","name":"Restaurant La Cova","description":"Restaurant La Cova","publisher":{"@id":"https:\/\/lacovadesantquirze.com\/#organization"},"potentialAction":[{"@type":"SearchAction","target":{"@type":"EntryPoint","urlTemplate":"https:\/\/lacovadesantquirze.com\/?s={search_term_string}"},"query-input":{"@type":"PropertyValueSpecification","valueRequired":true,"valueName":"search_term_string"}}],"inLanguage":"ca"},{"@type":"Organization","@id":"https:\/\/lacovadesantquirze.com\/#organization","name":"Restaurante La Cova Copes","url":"https:\/\/lacovadesantquirze.com\/","logo":{"@type":"ImageObject","inLanguage":"ca","@id":"https:\/\/lacovadesantquirze.com\/#\/schema\/logo\/image\/","url":"https:\/\/lacovadesantquirze.com\/wp-content\/uploads\/2024\/04\/La-Cova500x500.webp","contentUrl":"https:\/\/lacovadesantquirze.com\/wp-content\/uploads\/2024\/04\/La-Cova500x500.webp","width":500,"height":500,"caption":"Restaurante La Cova Copes"},"image":{"@id":"https:\/\/lacovadesantquirze.com\/#\/schema\/logo\/image\/"},"sameAs":["https:\/\/www.facebook.com\/lacovadesantquirze\/?locale=es_LA","https:\/\/www.instagram.com\/lacovacopes\/"]}]}},"_links":{"self":[{"href":"https:\/\/lacovadesantquirze.com\/ca\/wp-json\/wp\/v2\/pages\/2926","targetHints":{"allow":["GET"]}}],"collection":[{"href":"https:\/\/lacovadesantquirze.com\/ca\/wp-json\/wp\/v2\/pages"}],"about":[{"href":"https:\/\/lacovadesantquirze.com\/ca\/wp-json\/wp\/v2\/types\/page"}],"author":[{"embeddable":true,"href":"https:\/\/lacovadesantquirze.com\/ca\/wp-json\/wp\/v2\/users\/3"}],"replies":[{"embeddable":true,"href":"https:\/\/lacovadesantquirze.com\/ca\/wp-json\/wp\/v2\/comments?post=2926"}],"version-history":[{"count":25,"href":"https:\/\/lacovadesantquirze.com\/ca\/wp-json\/wp\/v2\/pages\/2926\/revisions"}],"predecessor-version":[{"id":2969,"href":"https:\/\/lacovadesantquirze.com\/ca\/wp-json\/wp\/v2\/pages\/2926\/revisions\/2969"}],"wp:attachment":[{"href":"https:\/\/lacovadesantquirze.com\/ca\/wp-json\/wp\/v2\/media?parent=2926"}],"curies":[{"name":"wp","href":"https:\/\/api.w.org\/{rel}","templated":true}]}}