{"id":3223,"date":"2025-07-07T10:51:49","date_gmt":"2025-07-07T08:51:49","guid":{"rendered":"https:\/\/lacovadesantquirze.com\/?page_id=3223"},"modified":"2025-07-25T13:13:29","modified_gmt":"2025-07-25T11:13:29","slug":"cocteles-sabadell","status":"publish","type":"page","link":"https:\/\/lacovadesantquirze.com\/ca\/cocteles-sabadell\/","title":{"rendered":"C\u00f2ctels Sabadell"},"content":{"rendered":"\t\t<div data-elementor-type=\"wp-page\" data-elementor-id=\"3223\" class=\"elementor elementor-3223\" data-elementor-post-type=\"page\">\n\t\t\t\t<div class=\"elementor-element elementor-element-f87714d e-flex e-con-boxed e-con e-parent\" data-id=\"f87714d\" data-element_type=\"container\" data-e-type=\"container\" data-settings=\"{&quot;background_background&quot;:&quot;classic&quot;,&quot;shape_divider_bottom&quot;:&quot;tilt&quot;}\">\n\t\t\t\t\t<div class=\"e-con-inner\">\n\t\t\t\t<div class=\"elementor-shape elementor-shape-bottom\" aria-hidden=\"true\" data-negative=\"false\">\n\t\t\t<svg xmlns=\"http:\/\/www.w3.org\/2000\/svg\" viewBox=\"0 0 1000 100\" preserveAspectRatio=\"none\">\n\t<path class=\"elementor-shape-fill\" d=\"M0,6V0h1000v100L0,6z\"\/>\n<\/svg>\t\t<\/div>\n\t\t<div class=\"elementor-element elementor-element-65c5456 e-con-full e-flex e-con e-child\" data-id=\"65c5456\" data-element_type=\"container\" data-e-type=\"container\">\n\t\t\t\t<div class=\"elementor-element elementor-element-25504a8 elementor-widget elementor-widget-heading\" data-id=\"25504a8\" data-element_type=\"widget\" data-e-type=\"widget\" data-widget_type=\"heading.default\">\n\t\t\t\t<div class=\"elementor-widget-container\">\n\t\t\t\t\t<h1 class=\"elementor-heading-title elementor-size-default\">C\u00f3cteles Sabadell<\/h1>\t\t\t\t<\/div>\n\t\t\t\t<\/div>\n\t\t\t\t<\/div>\n\t\t\t\t\t<\/div>\n\t\t\t\t<\/div>\n\t\t<div class=\"elementor-element elementor-element-d924936 e-con-full e-flex e-con e-parent\" data-id=\"d924936\" data-element_type=\"container\" data-e-type=\"container\" data-settings=\"{&quot;background_background&quot;:&quot;classic&quot;}\">\n\t\t<div class=\"elementor-element elementor-element-24199cb e-con-full e-flex e-con e-child\" data-id=\"24199cb\" data-element_type=\"container\" data-e-type=\"container\" data-settings=\"{&quot;background_background&quot;:&quot;classic&quot;}\">\n\t\t<div class=\"elementor-element elementor-element-db93689 e-con-full e-flex e-con e-child\" data-id=\"db93689\" data-element_type=\"container\" data-e-type=\"container\" data-settings=\"{&quot;background_background&quot;:&quot;classic&quot;}\">\n\t\t\t\t<\/div>\n\t\t<div class=\"elementor-element elementor-element-d8dc994 e-con-full e-flex e-con e-child\" data-id=\"d8dc994\" data-element_type=\"container\" data-e-type=\"container\">\n\t\t\t\t<div class=\"elementor-element elementor-element-50e2a58 elementor-widget elementor-widget-heading\" data-id=\"50e2a58\" data-element_type=\"widget\" data-e-type=\"widget\" data-widget_type=\"heading.default\">\n\t\t\t\t<div class=\"elementor-widget-container\">\n\t\t\t\t\t<h2 class=\"elementor-heading-title elementor-size-default\">C\u00f3cteles cerca de Sabadell con ambiente, m\u00fasica y buena compa\u00f1\u00eda\n<\/h2>\t\t\t\t<\/div>\n\t\t\t\t<\/div>\n\t\t\t\t<div class=\"elementor-element elementor-element-761d2f8 elementor-widget elementor-widget-text-editor\" data-id=\"761d2f8\" data-element_type=\"widget\" data-e-type=\"widget\" data-widget_type=\"text-editor.default\">\n\t\t\t\t<div class=\"elementor-widget-container\">\n\t\t\t\t\t\t\t\t\t<div id=\"lipsum\"><p data-start=\"423\" data-end=\"939\">En <strong>La Cova de Sant Quirze <\/strong>te proponemos disfrutar de los mejores <strong data-start=\"490\" data-end=\"514\">c\u00f3cteles <\/strong>cerca de<strong data-start=\"490\" data-end=\"514\"> Sabadell<\/strong> con un enfoque que va m\u00e1s all\u00e1 de la copa servida: apostamos por la experiencia completa. Nuestra carta de c\u00f3cteles est\u00e1 pensada para acompa\u00f1ar momentos especiales, desde el inicio de la noche tras una buena cena hasta ese instante en el que la m\u00fasica sube de volumen y el ambiente se llena de vida. Trabajamos con destilados de calidad, mixers seleccionados y una presentaci\u00f3n cuidada, porque sabemos que cada detalle suma.<\/p><p data-start=\"941\" data-end=\"1482\">Entre nuestros combinados encontrar\u00e1s cl\u00e1sicos como el mojito, el daiquiri o el cosmopolitan, pero tambi\u00e9n propuestas propias que fusionan ingredientes mediterr\u00e1neos con toques ex\u00f3ticos. Todo preparado al momento, con mimo y dedicaci\u00f3n. Lo mejor es que puedes disfrutar de estos <strong data-start=\"1220\" data-end=\"1244\">c\u00f3cteles en Sabadell<\/strong> sin necesidad de desplazarte lejos ni pagar precios desorbitados. Nuestro espacio est\u00e1 a solo unos minutos del centro, con f\u00e1cil acceso y sin aglomeraciones. Si est\u00e1s cansado de los bares de siempre, este es tu nuevo lugar de referencia.<\/p><p data-start=\"1550\" data-end=\"1986\">Una de las grandes ventajas de <em data-start=\"1581\" data-end=\"1590\">La Cova<\/em> es que no tienes que elegir entre cenar o salir a <strong data-start=\"1641\" data-end=\"1671\">tomar c\u00f3cteles <\/strong>cerca de<strong data-start=\"1641\" data-end=\"1671\"> Sabadell<\/strong>: aqu\u00ed puedes hacerlo todo sin moverte de sitio. Empezamos con una cena con platos mediterr\u00e1neos y de cocina fusi\u00f3n, ideales para compartir, y a partir de medianoche el espacio cambia por completo. Las luces bajan, sube la m\u00fasica y llegan nuestros DJ\u2019s residentes para dar paso a una experiencia nocturna diferente.<\/p><p data-start=\"1988\" data-end=\"2484\">Es el momento perfecto para relajarte con un c\u00f3ctel, pedir una shisha y dejarte llevar por el ritmo. Tambi\u00e9n contamos con servicio de botellas para grupos, copas premium y c\u00f3cteles sin alcohol, para que nadie se quede sin brindar. El ambiente que se crea en <em data-start=\"2246\" data-end=\"2255\">La Cova<\/em> es ideal tanto para salir en pareja como para celebrar algo con amigos. Y lo mejor: la entrada es gratuita. Si estabas buscando un lugar donde <strong data-start=\"2399\" data-end=\"2429\">tomar c\u00f3cteles <\/strong>cerca de<strong data-start=\"2399\" data-end=\"2429\"> Sabadell<\/strong> con buena m\u00fasica y sin complicaciones, aqu\u00ed lo tienes.<\/p><\/div><div>\u00a0<\/div>\t\t\t\t\t\t\t\t<\/div>\n\t\t\t\t<\/div>\n\t\t\t\t<\/div>\n\t\t\t\t<\/div>\n\t\t\t\t<\/div>\n\t\t<div class=\"elementor-element elementor-element-318e299 e-con-full e-flex e-con e-parent\" data-id=\"318e299\" data-element_type=\"container\" data-e-type=\"container\" data-settings=\"{&quot;background_background&quot;:&quot;classic&quot;}\">\n\t\t<div class=\"elementor-element elementor-element-5c65b06 e-con-full e-flex e-con e-child\" data-id=\"5c65b06\" data-element_type=\"container\" data-e-type=\"container\" data-settings=\"{&quot;background_background&quot;:&quot;classic&quot;}\">\n\t\t<div class=\"elementor-element elementor-element-e26a88e e-con-full e-flex e-con e-child\" data-id=\"e26a88e\" data-element_type=\"container\" data-e-type=\"container\">\n\t\t\t\t<div class=\"elementor-element elementor-element-3ce672f elementor-widget elementor-widget-heading\" data-id=\"3ce672f\" data-element_type=\"widget\" data-e-type=\"widget\" data-widget_type=\"heading.default\">\n\t\t\t\t<div class=\"elementor-widget-container\">\n\t\t\t\t\t<h2 class=\"elementor-heading-title elementor-size-default\">La mejor opci\u00f3n para disfrutar de c\u00f3cteles cerca de Sabadell con estilo<\/h2>\t\t\t\t<\/div>\n\t\t\t\t<\/div>\n\t\t\t\t<div class=\"elementor-element elementor-element-916e417 elementor-widget elementor-widget-text-editor\" data-id=\"916e417\" data-element_type=\"widget\" data-e-type=\"widget\" data-widget_type=\"text-editor.default\">\n\t\t\t\t<div class=\"elementor-widget-container\">\n\t\t\t\t\t\t\t\t\t<p data-start=\"2560\" data-end=\"3041\">Salir a <strong data-start=\"2568\" data-end=\"2598\">tomar c\u00f3cteles <\/strong>cerca de<strong data-start=\"2568\" data-end=\"2598\"> Sabadell<\/strong> ya no significa elegir entre sitios abarrotados o bares impersonales. En <strong>La Cova de Sant Quirze <\/strong>te ofrecemos un entorno diferente, cuidado, con atenci\u00f3n cercana y propuestas que se adaptan a lo que buscas cada noche. Ya sea un plan tranquilo entre semana o una celebraci\u00f3n de fin de semana, nuestro equipo est\u00e1 preparado para que disfrutes al m\u00e1ximo. Puedes reservar tu mesa para cenar, para <strong data-start=\"2993\" data-end=\"3007\">tomar algo<\/strong> o simplemente dejarte sorprender.<\/p><p data-start=\"3043\" data-end=\"3546\" data-is-last-node=\"\" data-is-only-node=\"\">Adem\u00e1s, nuestra ubicaci\u00f3n es perfecta para quienes viven o trabajan en Sabadell y alrededores: estamos cerca, bien comunicados y alejados del estr\u00e9s del centro. Con f\u00e1cil aparcamiento, opciones para todos los gustos y una carta que combina sabores cl\u00e1sicos y creativos, te invitamos a redescubrir el placer de una buena copa en buena compa\u00f1\u00eda. Ven a probar nuestros <strong data-start=\"3409\" data-end=\"3433\">c\u00f3cteles <\/strong>cerca de<strong data-start=\"3409\" data-end=\"3433\"> Sabadell<\/strong>, y d\u00e9janos convertir tu noche en una experiencia completa. Te esperamos con la mejor energ\u00eda y las copas listas.<\/p>\t\t\t\t\t\t\t\t<\/div>\n\t\t\t\t<\/div>\n\t\t\t\t<\/div>\n\t\t<div class=\"elementor-element elementor-element-721b52e e-con-full e-flex e-con e-child\" data-id=\"721b52e\" data-element_type=\"container\" data-e-type=\"container\" data-settings=\"{&quot;background_background&quot;:&quot;classic&quot;}\">\n\t\t\t\t<\/div>\n\t\t\t\t<\/div>\n\t\t\t\t<\/div>\n\t\t<div class=\"elementor-element elementor-element-134ab1e e-con-full e-flex e-con e-parent\" data-id=\"134ab1e\" data-element_type=\"container\" data-e-type=\"container\" data-settings=\"{&quot;background_background&quot;:&quot;classic&quot;}\">\n\t\t<div class=\"elementor-element elementor-element-2881c19 e-con-full e-flex e-con e-child\" data-id=\"2881c19\" data-element_type=\"container\" data-e-type=\"container\" data-settings=\"{&quot;background_background&quot;:&quot;classic&quot;}\">\n\t\t<div class=\"elementor-element elementor-element-129ddbb e-con-full e-flex e-con e-child\" data-id=\"129ddbb\" data-element_type=\"container\" data-e-type=\"container\">\n\t\t\t\t<div class=\"elementor-element elementor-element-3d0c593 elementor-widget elementor-widget-text-editor\" data-id=\"3d0c593\" data-element_type=\"widget\" data-e-type=\"widget\" data-widget_type=\"text-editor.default\">\n\t\t\t\t<div class=\"elementor-widget-container\">\n\t\t\t\t\t\t\t\t\t<div id=\"lipsum\">\n<h4><span style=\"color: #ffffff;\">Cont\u00e1ctanos<\/span><\/h4>\n<\/div>\t\t\t\t\t\t\t\t<\/div>\n\t\t\t\t<\/div>\n\t\t\t\t<div class=\"elementor-element elementor-element-e9af4dc elementor-button-align-stretch elementor-widget elementor-widget-form\" data-id=\"e9af4dc\" data-element_type=\"widget\" data-e-type=\"widget\" data-settings=\"{&quot;step_next_label&quot;:&quot;Siguiente&quot;,&quot;step_previous_label&quot;:&quot;Anterior&quot;,&quot;button_width&quot;:&quot;100&quot;,&quot;step_type&quot;:&quot;number_text&quot;,&quot;step_icon_shape&quot;:&quot;circle&quot;}\" data-widget_type=\"form.default\">\n\t\t\t\t<div class=\"elementor-widget-container\">\n\t\t\t\t\t\t\t<form class=\"elementor-form\" method=\"post\" name=\"Nuevo formulario\" aria-label=\"Nuevo formulario\">\n\t\t\t<input type=\"hidden\" name=\"post_id\" value=\"3223\"\/>\n\t\t\t<input type=\"hidden\" name=\"form_id\" value=\"e9af4dc\"\/>\n\t\t\t<input type=\"hidden\" name=\"referer_title\" value=\"C\u00f3cteles Sabadell - Restaurante La Cova\" \/>\n\n\t\t\t\t\t\t\t<input type=\"hidden\" name=\"queried_id\" value=\"3223\"\/>\n\t\t\t\n\t\t\t<div class=\"elementor-form-fields-wrapper elementor-labels-above\">\n\t\t\t\t\t\t\t\t<div class=\"elementor-field-type-text elementor-field-group elementor-column elementor-field-group-name elementor-col-100 elementor-field-required\">\n\t\t\t\t\t\t\t\t\t\t\t\t<label for=\"form-field-name\" class=\"elementor-field-label\">\n\t\t\t\t\t\t\t\tNombre\t\t\t\t\t\t\t<\/label>\n\t\t\t\t\t\t\t\t\t\t\t\t\t\t<input size=\"1\" type=\"text\" name=\"form_fields[name]\" id=\"form-field-name\" class=\"elementor-field elementor-size-sm  elementor-field-textual\" placeholder=\"Nombre\" required=\"required\">\n\t\t\t\t\t\t\t\t\t\t\t<\/div>\n\t\t\t\t\t\t\t\t<div class=\"elementor-field-type-email elementor-field-group elementor-column elementor-field-group-email elementor-col-100 elementor-field-required\">\n\t\t\t\t\t\t\t\t\t\t\t\t<label for=\"form-field-email\" class=\"elementor-field-label\">\n\t\t\t\t\t\t\t\tCorreo electr\u00f3nico\t\t\t\t\t\t\t<\/label>\n\t\t\t\t\t\t\t\t\t\t\t\t\t\t<input size=\"1\" type=\"email\" name=\"form_fields[email]\" id=\"form-field-email\" class=\"elementor-field elementor-size-sm  elementor-field-textual\" placeholder=\"Correo electr\u00f3nico\" required=\"required\">\n\t\t\t\t\t\t\t\t\t\t\t<\/div>\n\t\t\t\t\t\t\t\t<div class=\"elementor-field-type-tel elementor-field-group elementor-column elementor-field-group-field_f6be90f elementor-col-100 elementor-field-required\">\n\t\t\t\t\t\t\t\t\t\t\t\t<label for=\"form-field-field_f6be90f\" class=\"elementor-field-label\">\n\t\t\t\t\t\t\t\tTel\u00e9fono\t\t\t\t\t\t\t<\/label>\n\t\t\t\t\t\t\t\t<input size=\"1\" type=\"tel\" name=\"form_fields[field_f6be90f]\" id=\"form-field-field_f6be90f\" class=\"elementor-field elementor-size-sm  elementor-field-textual\" placeholder=\"Tel\u00e9fono\" required=\"required\" pattern=\"[0-9()#&amp;+*-=.]+\" title=\"Nom\u00e9s s&#039;accepten n\u00fameros i car\u00e0cters telef\u00f2nics (#, -, *, etc.).\">\n\n\t\t\t\t\t\t<\/div>\n\t\t\t\t\t\t\t\t<div class=\"elementor-field-type-textarea elementor-field-group elementor-column elementor-field-group-message elementor-col-100\">\n\t\t\t\t\t\t\t\t\t\t\t\t<label for=\"form-field-message\" class=\"elementor-field-label\">\n\t\t\t\t\t\t\t\tMensaje\t\t\t\t\t\t\t<\/label>\n\t\t\t\t\t\t<textarea class=\"elementor-field-textual elementor-field  elementor-size-sm\" name=\"form_fields[message]\" id=\"form-field-message\" rows=\"4\" placeholder=\"Mensaje\"><\/textarea>\t\t\t\t<\/div>\n\t\t\t\t\t\t\t\t<div class=\"elementor-field-type-acceptance elementor-field-group elementor-column elementor-field-group-field_6962a36 elementor-col-100 elementor-field-required\">\n\t\t\t\t\t\t\t<div class=\"elementor-field-subgroup\">\n\t\t\t<span class=\"elementor-field-option\">\n\t\t\t\t<input type=\"checkbox\" name=\"form_fields[field_6962a36]\" id=\"form-field-field_6962a36\" class=\"elementor-field elementor-size-sm  elementor-acceptance-field\" required=\"required\">\n\t\t\t\t<label for=\"form-field-field_6962a36\">Acepto la pol\u00edtica de privacidad y el env\u00edo de informaci\u00f3n.<\/label>\t\t\t<\/span>\n\t\t<\/div>\n\t\t\t\t\t\t<\/div>\n\t\t\t\t\t\t\t\t<div class=\"elementor-field-type-recaptcha_v3 elementor-field-group elementor-column elementor-field-group-field_7f53ae8 elementor-col-100 recaptcha_v3-bottomleft\">\n\t\t\t\t\t<div class=\"elementor-field\" id=\"form-field-field_7f53ae8\"><div class=\"elementor-g-recaptcha\" data-sitekey=\"6LfJ1i8rAAAAAO5pI06MUZC4OE8d7EVPPJl6G7z0\" data-type=\"v3\" data-action=\"Form\" data-badge=\"bottomleft\" data-size=\"invisible\"><\/div><\/div>\t\t\t\t<\/div>\n\t\t\t\t\t\t\t\t<div class=\"elementor-field-group elementor-column elementor-field-type-submit elementor-col-100 e-form__buttons\">\n\t\t\t\t\t<button class=\"elementor-button elementor-size-sm\" type=\"submit\">\n\t\t\t\t\t\t<span class=\"elementor-button-content-wrapper\">\n\t\t\t\t\t\t\t\t\t\t\t\t\t\t\t\t\t\t\t\t\t\t<span class=\"elementor-button-text\">Enviar<\/span>\n\t\t\t\t\t\t\t\t\t\t\t\t\t<\/span>\n\t\t\t\t\t<\/button>\n\t\t\t\t<\/div>\n\t\t\t<\/div>\n\t\t<\/form>\n\t\t\t\t\t\t<\/div>\n\t\t\t\t<\/div>\n\t\t\t\t<\/div>\n\t\t\t\t<\/div>\n\t\t\t\t<\/div>\n\t\t\t\t<\/div>\n\t\t","protected":false},"excerpt":{"rendered":"<p>C\u00f3cteles cerca de Sabadell con ambiente, m\u00fasica y buena compa\u00f1\u00eda En La Cova de Sant Quirze te proponemos disfrutar de los mejores c\u00f3cteles cerca de Sabadell<span class=\"excerpt-hellip\"> [\u2026]<\/span><\/p>\n","protected":false},"author":3,"featured_media":0,"parent":0,"menu_order":0,"comment_status":"closed","ping_status":"closed","template":"elementor_header_footer","meta":{"footnotes":""},"class_list":["post-3223","page","type-page","status-publish","hentry"],"yoast_head":"<!-- This site is optimized with the Yoast SEO plugin v27.4 - https:\/\/yoast.com\/product\/yoast-seo-wordpress\/ -->\n<title>C\u00f3cteles Sabadell - Restaurante La Cova<\/title>\n<meta name=\"description\" content=\"Deliciosa variedad de platos en La Cova. Nuestra carta ofrece desde entrantes frescos y ligeros hasta platos principales\" \/>\n<meta name=\"robots\" content=\"index, follow, max-snippet:-1, max-image-preview:large, max-video-preview:-1\" \/>\n<link rel=\"canonical\" href=\"https:\/\/lacovadesantquirze.com\/ca\/cocteles-sabadell\/\" \/>\n<meta property=\"og:locale\" content=\"ca_ES\" \/>\n<meta property=\"og:type\" content=\"article\" \/>\n<meta property=\"og:title\" content=\"C\u00f3cteles Sabadell - Restaurante La Cova\" \/>\n<meta property=\"og:description\" content=\"Deliciosa variedad de platos en La Cova. Nuestra carta ofrece desde entrantes frescos y ligeros hasta platos principales\" \/>\n<meta property=\"og:url\" content=\"https:\/\/lacovadesantquirze.com\/ca\/cocteles-sabadell\/\" \/>\n<meta property=\"og:site_name\" content=\"Restaurante La Cova\" \/>\n<meta property=\"article:publisher\" content=\"https:\/\/www.facebook.com\/lacovadesantquirze\/?locale=es_LA\" \/>\n<meta property=\"article:modified_time\" content=\"2025-07-25T11:13:29+00:00\" \/>\n<meta name=\"twitter:card\" content=\"summary_large_image\" \/>\n<meta name=\"twitter:label1\" content=\"Temps estimat de lectura\" \/>\n\t<meta name=\"twitter:data1\" content=\"3 minuts\" \/>\n<script type=\"application\/ld+json\" class=\"yoast-schema-graph\">{\"@context\":\"https:\\\/\\\/schema.org\",\"@graph\":[{\"@type\":\"WebPage\",\"@id\":\"https:\\\/\\\/lacovadesantquirze.com\\\/cocteles-sabadell\\\/\",\"url\":\"https:\\\/\\\/lacovadesantquirze.com\\\/cocteles-sabadell\\\/\",\"name\":\"C\u00f3cteles Sabadell - Restaurante La Cova\",\"isPartOf\":{\"@id\":\"https:\\\/\\\/lacovadesantquirze.com\\\/#website\"},\"datePublished\":\"2025-07-07T08:51:49+00:00\",\"dateModified\":\"2025-07-25T11:13:29+00:00\",\"description\":\"Deliciosa variedad de platos en La Cova. Nuestra carta ofrece desde entrantes frescos y ligeros hasta platos principales\",\"breadcrumb\":{\"@id\":\"https:\\\/\\\/lacovadesantquirze.com\\\/cocteles-sabadell\\\/#breadcrumb\"},\"inLanguage\":\"ca\",\"potentialAction\":[{\"@type\":\"ReadAction\",\"target\":[\"https:\\\/\\\/lacovadesantquirze.com\\\/cocteles-sabadell\\\/\"]}]},{\"@type\":\"BreadcrumbList\",\"@id\":\"https:\\\/\\\/lacovadesantquirze.com\\\/cocteles-sabadell\\\/#breadcrumb\",\"itemListElement\":[{\"@type\":\"ListItem\",\"position\":1,\"name\":\"Portada\",\"item\":\"https:\\\/\\\/lacovadesantquirze.com\\\/\"},{\"@type\":\"ListItem\",\"position\":2,\"name\":\"C\u00f3cteles Sabadell\"}]},{\"@type\":\"WebSite\",\"@id\":\"https:\\\/\\\/lacovadesantquirze.com\\\/#website\",\"url\":\"https:\\\/\\\/lacovadesantquirze.com\\\/\",\"name\":\"Restaurante La Cova\",\"description\":\"Restaurante La Cova\",\"publisher\":{\"@id\":\"https:\\\/\\\/lacovadesantquirze.com\\\/#organization\"},\"potentialAction\":[{\"@type\":\"SearchAction\",\"target\":{\"@type\":\"EntryPoint\",\"urlTemplate\":\"https:\\\/\\\/lacovadesantquirze.com\\\/?s={search_term_string}\"},\"query-input\":{\"@type\":\"PropertyValueSpecification\",\"valueRequired\":true,\"valueName\":\"search_term_string\"}}],\"inLanguage\":\"ca\"},{\"@type\":\"Organization\",\"@id\":\"https:\\\/\\\/lacovadesantquirze.com\\\/#organization\",\"name\":\"Restaurante La Cova Copes\",\"url\":\"https:\\\/\\\/lacovadesantquirze.com\\\/\",\"logo\":{\"@type\":\"ImageObject\",\"inLanguage\":\"ca\",\"@id\":\"https:\\\/\\\/lacovadesantquirze.com\\\/#\\\/schema\\\/logo\\\/image\\\/\",\"url\":\"https:\\\/\\\/lacovadesantquirze.com\\\/wp-content\\\/uploads\\\/2024\\\/04\\\/La-Cova500x500.webp\",\"contentUrl\":\"https:\\\/\\\/lacovadesantquirze.com\\\/wp-content\\\/uploads\\\/2024\\\/04\\\/La-Cova500x500.webp\",\"width\":500,\"height\":500,\"caption\":\"Restaurante La Cova Copes\"},\"image\":{\"@id\":\"https:\\\/\\\/lacovadesantquirze.com\\\/#\\\/schema\\\/logo\\\/image\\\/\"},\"sameAs\":[\"https:\\\/\\\/www.facebook.com\\\/lacovadesantquirze\\\/?locale=es_LA\",\"https:\\\/\\\/www.instagram.com\\\/lacovacopes\\\/\"]}]}<\/script>\n<!-- \/ Yoast SEO plugin. -->","yoast_head_json":{"title":"C\u00f3cteles Sabadell - Restaurante La Cova","description":"Deliciosa variedad de platos en La Cova. Nuestra carta ofrece desde entrantes frescos y ligeros hasta platos principales","robots":{"index":"index","follow":"follow","max-snippet":"max-snippet:-1","max-image-preview":"max-image-preview:large","max-video-preview":"max-video-preview:-1"},"canonical":"https:\/\/lacovadesantquirze.com\/ca\/cocteles-sabadell\/","og_locale":"ca_ES","og_type":"article","og_title":"C\u00f3cteles Sabadell - Restaurante La Cova","og_description":"Deliciosa variedad de platos en La Cova. Nuestra carta ofrece desde entrantes frescos y ligeros hasta platos principales","og_url":"https:\/\/lacovadesantquirze.com\/ca\/cocteles-sabadell\/","og_site_name":"Restaurante La Cova","article_publisher":"https:\/\/www.facebook.com\/lacovadesantquirze\/?locale=es_LA","article_modified_time":"2025-07-25T11:13:29+00:00","twitter_card":"summary_large_image","twitter_misc":{"Temps estimat de lectura":"3 minuts"},"schema":{"@context":"https:\/\/schema.org","@graph":[{"@type":"WebPage","@id":"https:\/\/lacovadesantquirze.com\/cocteles-sabadell\/","url":"https:\/\/lacovadesantquirze.com\/cocteles-sabadell\/","name":"C\u00f3cteles Sabadell - Restaurante La Cova","isPartOf":{"@id":"https:\/\/lacovadesantquirze.com\/#website"},"datePublished":"2025-07-07T08:51:49+00:00","dateModified":"2025-07-25T11:13:29+00:00","description":"Deliciosa variedad de platos en La Cova. Nuestra carta ofrece desde entrantes frescos y ligeros hasta platos principales","breadcrumb":{"@id":"https:\/\/lacovadesantquirze.com\/cocteles-sabadell\/#breadcrumb"},"inLanguage":"ca","potentialAction":[{"@type":"ReadAction","target":["https:\/\/lacovadesantquirze.com\/cocteles-sabadell\/"]}]},{"@type":"BreadcrumbList","@id":"https:\/\/lacovadesantquirze.com\/cocteles-sabadell\/#breadcrumb","itemListElement":[{"@type":"ListItem","position":1,"name":"Portada","item":"https:\/\/lacovadesantquirze.com\/"},{"@type":"ListItem","position":2,"name":"C\u00f3cteles Sabadell"}]},{"@type":"WebSite","@id":"https:\/\/lacovadesantquirze.com\/#website","url":"https:\/\/lacovadesantquirze.com\/","name":"Restaurant La Cova","description":"Restaurant La Cova","publisher":{"@id":"https:\/\/lacovadesantquirze.com\/#organization"},"potentialAction":[{"@type":"SearchAction","target":{"@type":"EntryPoint","urlTemplate":"https:\/\/lacovadesantquirze.com\/?s={search_term_string}"},"query-input":{"@type":"PropertyValueSpecification","valueRequired":true,"valueName":"search_term_string"}}],"inLanguage":"ca"},{"@type":"Organization","@id":"https:\/\/lacovadesantquirze.com\/#organization","name":"Restaurante La Cova Copes","url":"https:\/\/lacovadesantquirze.com\/","logo":{"@type":"ImageObject","inLanguage":"ca","@id":"https:\/\/lacovadesantquirze.com\/#\/schema\/logo\/image\/","url":"https:\/\/lacovadesantquirze.com\/wp-content\/uploads\/2024\/04\/La-Cova500x500.webp","contentUrl":"https:\/\/lacovadesantquirze.com\/wp-content\/uploads\/2024\/04\/La-Cova500x500.webp","width":500,"height":500,"caption":"Restaurante La Cova Copes"},"image":{"@id":"https:\/\/lacovadesantquirze.com\/#\/schema\/logo\/image\/"},"sameAs":["https:\/\/www.facebook.com\/lacovadesantquirze\/?locale=es_LA","https:\/\/www.instagram.com\/lacovacopes\/"]}]}},"_links":{"self":[{"href":"https:\/\/lacovadesantquirze.com\/ca\/wp-json\/wp\/v2\/pages\/3223","targetHints":{"allow":["GET"]}}],"collection":[{"href":"https:\/\/lacovadesantquirze.com\/ca\/wp-json\/wp\/v2\/pages"}],"about":[{"href":"https:\/\/lacovadesantquirze.com\/ca\/wp-json\/wp\/v2\/types\/page"}],"author":[{"embeddable":true,"href":"https:\/\/lacovadesantquirze.com\/ca\/wp-json\/wp\/v2\/users\/3"}],"replies":[{"embeddable":true,"href":"https:\/\/lacovadesantquirze.com\/ca\/wp-json\/wp\/v2\/comments?post=3223"}],"version-history":[{"count":10,"href":"https:\/\/lacovadesantquirze.com\/ca\/wp-json\/wp\/v2\/pages\/3223\/revisions"}],"predecessor-version":[{"id":3269,"href":"https:\/\/lacovadesantquirze.com\/ca\/wp-json\/wp\/v2\/pages\/3223\/revisions\/3269"}],"wp:attachment":[{"href":"https:\/\/lacovadesantquirze.com\/ca\/wp-json\/wp\/v2\/media?parent=3223"}],"curies":[{"name":"wp","href":"https:\/\/api.w.org\/{rel}","templated":true}]}}