{"id":3414,"date":"2025-10-03T10:52:06","date_gmt":"2025-10-03T08:52:06","guid":{"rendered":"https:\/\/lacovadesantquirze.com\/?page_id=3414"},"modified":"2025-10-03T10:53:54","modified_gmt":"2025-10-03T08:53:54","slug":"cenas-de-empresa-en-sabadell","status":"publish","type":"page","link":"https:\/\/lacovadesantquirze.com\/ca\/cenas-de-empresa-en-sabadell\/","title":{"rendered":"Sopars d&#039;empresa a Sabadell"},"content":{"rendered":"\t\t<div data-elementor-type=\"wp-page\" data-elementor-id=\"3414\" class=\"elementor elementor-3414\" data-elementor-post-type=\"page\">\n\t\t\t\t<div class=\"elementor-element elementor-element-f87714d e-flex e-con-boxed e-con e-parent\" data-id=\"f87714d\" data-element_type=\"container\" data-e-type=\"container\" data-settings=\"{&quot;background_background&quot;:&quot;classic&quot;,&quot;shape_divider_bottom&quot;:&quot;tilt&quot;}\">\n\t\t\t\t\t<div class=\"e-con-inner\">\n\t\t\t\t<div class=\"elementor-shape elementor-shape-bottom\" aria-hidden=\"true\" data-negative=\"false\">\n\t\t\t<svg xmlns=\"http:\/\/www.w3.org\/2000\/svg\" viewBox=\"0 0 1000 100\" preserveAspectRatio=\"none\">\n\t<path class=\"elementor-shape-fill\" d=\"M0,6V0h1000v100L0,6z\"\/>\n<\/svg>\t\t<\/div>\n\t\t<div class=\"elementor-element elementor-element-65c5456 e-con-full e-flex e-con e-child\" data-id=\"65c5456\" data-element_type=\"container\" data-e-type=\"container\">\n\t\t\t\t<div class=\"elementor-element elementor-element-25504a8 elementor-widget elementor-widget-heading\" data-id=\"25504a8\" data-element_type=\"widget\" data-e-type=\"widget\" data-widget_type=\"heading.default\">\n\t\t\t\t<div class=\"elementor-widget-container\">\n\t\t\t\t\t<h1 class=\"elementor-heading-title elementor-size-default\">Cenas de empresa en Sabadell<\/h1>\t\t\t\t<\/div>\n\t\t\t\t<\/div>\n\t\t\t\t<\/div>\n\t\t\t\t\t<\/div>\n\t\t\t\t<\/div>\n\t\t<div class=\"elementor-element elementor-element-d924936 e-con-full e-flex e-con e-parent\" data-id=\"d924936\" data-element_type=\"container\" data-e-type=\"container\" data-settings=\"{&quot;background_background&quot;:&quot;classic&quot;}\">\n\t\t<div class=\"elementor-element elementor-element-24199cb e-con-full e-flex e-con e-child\" data-id=\"24199cb\" data-element_type=\"container\" data-e-type=\"container\" data-settings=\"{&quot;background_background&quot;:&quot;classic&quot;}\">\n\t\t<div class=\"elementor-element elementor-element-db93689 e-con-full e-flex e-con e-child\" data-id=\"db93689\" data-element_type=\"container\" data-e-type=\"container\" data-settings=\"{&quot;background_background&quot;:&quot;classic&quot;}\">\n\t\t\t\t<\/div>\n\t\t<div class=\"elementor-element elementor-element-d8dc994 e-con-full e-flex e-con e-child\" data-id=\"d8dc994\" data-element_type=\"container\" data-e-type=\"container\">\n\t\t\t\t<div class=\"elementor-element elementor-element-50e2a58 elementor-widget elementor-widget-heading\" data-id=\"50e2a58\" data-element_type=\"widget\" data-e-type=\"widget\" data-widget_type=\"heading.default\">\n\t\t\t\t<div class=\"elementor-widget-container\">\n\t\t\t\t\t<h2 class=\"elementor-heading-title elementor-size-default\">Organizamos cenas de empresa en Sabadell que combinan buena comida y ambiente<\/h2>\t\t\t\t<\/div>\n\t\t\t\t<\/div>\n\t\t\t\t<div class=\"elementor-element elementor-element-761d2f8 elementor-widget elementor-widget-text-editor\" data-id=\"761d2f8\" data-element_type=\"widget\" data-e-type=\"widget\" data-widget_type=\"text-editor.default\">\n\t\t\t\t<div class=\"elementor-widget-container\">\n\t\t\t\t\t\t\t\t\t<p style=\"text-align: justify;\" data-start=\"443\" data-end=\"1059\">En <strong>La Cova de Sant Quirze<\/strong> sabemos lo importante que es encontrar el lugar adecuado para una cena de empresa. No se trata solo de comer bien, sino de crear una experiencia agradable, con un servicio \u00e1gil y atento, en un espacio c\u00f3modo que invite a desconectar del trabajo. Por eso, hemos dise\u00f1ado nuestros men\u00fas para grupos pensando en esas ocasiones especiales donde se quiere celebrar, agradecer o simplemente pasar un buen rato con el equipo. Nos adaptamos a grupos grandes y peque\u00f1os, y ofrecemos opciones que cubren todo tipo de preferencias, incluyendo alternativas para personas con intolerancias alimentarias.<\/p><p style=\"text-align: justify;\" data-start=\"1061\" data-end=\"1574\">Adem\u00e1s, lo que hace diferente a nuestras <strong data-start=\"1102\" data-end=\"1134\">cenas de empresa en Sabadell<\/strong> es la posibilidad de seguir disfrutando despu\u00e9s de la comida. A partir de medianoche, nuestro local se transforma: la m\u00fasica sube de volumen, se enciende el ambiente y damos paso a una noche de copas, shishas y DJ en directo. Todo sin moverse del mismo espacio, sin necesidad de buscar otro sitio donde continuar la celebraci\u00f3n.\u00a0<\/p>\t\t\t\t\t\t\t\t<\/div>\n\t\t\t\t<\/div>\n\t\t\t\t<\/div>\n\t\t\t\t<\/div>\n\t\t\t\t<\/div>\n\t\t<div class=\"elementor-element elementor-element-318e299 e-con-full e-flex e-con e-parent\" data-id=\"318e299\" data-element_type=\"container\" data-e-type=\"container\" data-settings=\"{&quot;background_background&quot;:&quot;classic&quot;}\">\n\t\t<div class=\"elementor-element elementor-element-5c65b06 e-con-full e-flex e-con e-child\" data-id=\"5c65b06\" data-element_type=\"container\" data-e-type=\"container\" data-settings=\"{&quot;background_background&quot;:&quot;classic&quot;}\">\n\t\t<div class=\"elementor-element elementor-element-e26a88e e-con-full e-flex e-con e-child\" data-id=\"e26a88e\" data-element_type=\"container\" data-e-type=\"container\">\n\t\t\t\t<div class=\"elementor-element elementor-element-3ce672f elementor-widget elementor-widget-heading\" data-id=\"3ce672f\" data-element_type=\"widget\" data-e-type=\"widget\" data-widget_type=\"heading.default\">\n\t\t\t\t<div class=\"elementor-widget-container\">\n\t\t\t\t\t<h2 class=\"elementor-heading-title elementor-size-default\">Reserva tus cenas de empresa en Sabadell con antelaci\u00f3n y personaliza tu experiencia<\/h2>\t\t\t\t<\/div>\n\t\t\t\t<\/div>\n\t\t\t\t<div class=\"elementor-element elementor-element-916e417 elementor-widget elementor-widget-text-editor\" data-id=\"916e417\" data-element_type=\"widget\" data-e-type=\"widget\" data-widget_type=\"text-editor.default\">\n\t\t\t\t<div class=\"elementor-widget-container\">\n\t\t\t\t\t\t\t\t\t<p style=\"text-align: justify;\" data-start=\"1675\" data-end=\"2147\">Sabemos que cada empresa tiene su propio estilo. Algunas buscan algo m\u00e1s informal, otras prefieren una cena m\u00e1s tradicional, y muchas quieren un poco de todo: buena comida, copas, m\u00fasica y un entorno donde re\u00edr y celebrar con libertad. Por eso ofrecemos una atenci\u00f3n personalizada desde el primer contacto. Si tienes en mente una fecha concreta, un n\u00famero aproximado de asistentes o una idea de lo que te gustar\u00eda incluir, cu\u00e9ntanoslo y nosotros nos encargamos del resto.<\/p><p style=\"text-align: justify;\" data-start=\"2149\" data-end=\"2616\">Organizar <strong data-start=\"2159\" data-end=\"2191\">cenas de empresa en Sabadell<\/strong> no tiene por qu\u00e9 ser estresante. En <strong>La Cova<\/strong> te ofrecemos un servicio completo para que no tengas que preocuparte por nada: men\u00fas cerrados, atenci\u00f3n dedicada, facilidad en las reservas y un equipo dispuesto a que todo salga perfecto. Haz tu reserva con tiempo y prep\u00e1rate para vivir una velada diferente, con el equilibrio justo entre lo profesional y lo divertido.<\/p>\t\t\t\t\t\t\t\t<\/div>\n\t\t\t\t<\/div>\n\t\t\t\t<\/div>\n\t\t<div class=\"elementor-element elementor-element-721b52e e-con-full e-flex e-con e-child\" data-id=\"721b52e\" data-element_type=\"container\" data-e-type=\"container\" data-settings=\"{&quot;background_background&quot;:&quot;classic&quot;}\">\n\t\t\t\t<\/div>\n\t\t\t\t<\/div>\n\t\t\t\t<\/div>\n\t\t<div class=\"elementor-element elementor-element-134ab1e e-con-full e-flex e-con e-parent\" data-id=\"134ab1e\" data-element_type=\"container\" data-e-type=\"container\" data-settings=\"{&quot;background_background&quot;:&quot;classic&quot;}\">\n\t\t<div class=\"elementor-element elementor-element-2881c19 e-con-full e-flex e-con e-child\" data-id=\"2881c19\" data-element_type=\"container\" data-e-type=\"container\" data-settings=\"{&quot;background_background&quot;:&quot;classic&quot;}\">\n\t\t<div class=\"elementor-element elementor-element-129ddbb e-con-full e-flex e-con e-child\" data-id=\"129ddbb\" data-element_type=\"container\" data-e-type=\"container\">\n\t\t\t\t<div class=\"elementor-element elementor-element-3d0c593 elementor-widget elementor-widget-text-editor\" data-id=\"3d0c593\" data-element_type=\"widget\" data-e-type=\"widget\" data-widget_type=\"text-editor.default\">\n\t\t\t\t<div class=\"elementor-widget-container\">\n\t\t\t\t\t\t\t\t\t<div id=\"lipsum\">\n<h4><span style=\"color: #ffffff;\">Cont\u00e1ctanos<\/span><\/h4>\n<\/div>\t\t\t\t\t\t\t\t<\/div>\n\t\t\t\t<\/div>\n\t\t\t\t<div class=\"elementor-element elementor-element-e9af4dc elementor-button-align-stretch elementor-widget elementor-widget-form\" data-id=\"e9af4dc\" data-element_type=\"widget\" data-e-type=\"widget\" data-settings=\"{&quot;step_next_label&quot;:&quot;Siguiente&quot;,&quot;step_previous_label&quot;:&quot;Anterior&quot;,&quot;button_width&quot;:&quot;100&quot;,&quot;step_type&quot;:&quot;number_text&quot;,&quot;step_icon_shape&quot;:&quot;circle&quot;}\" data-widget_type=\"form.default\">\n\t\t\t\t<div class=\"elementor-widget-container\">\n\t\t\t\t\t\t\t<form class=\"elementor-form\" method=\"post\" name=\"Nuevo formulario\" aria-label=\"Nuevo formulario\">\n\t\t\t<input type=\"hidden\" name=\"post_id\" value=\"3414\"\/>\n\t\t\t<input type=\"hidden\" name=\"form_id\" value=\"e9af4dc\"\/>\n\t\t\t<input type=\"hidden\" name=\"referer_title\" value=\"Cenas de empresa en Sabadell - Restaurante La Cova\" \/>\n\n\t\t\t\t\t\t\t<input type=\"hidden\" name=\"queried_id\" value=\"3414\"\/>\n\t\t\t\n\t\t\t<div class=\"elementor-form-fields-wrapper elementor-labels-above\">\n\t\t\t\t\t\t\t\t<div class=\"elementor-field-type-text elementor-field-group elementor-column elementor-field-group-name elementor-col-100 elementor-field-required\">\n\t\t\t\t\t\t\t\t\t\t\t\t<label for=\"form-field-name\" class=\"elementor-field-label\">\n\t\t\t\t\t\t\t\tNombre\t\t\t\t\t\t\t<\/label>\n\t\t\t\t\t\t\t\t\t\t\t\t\t\t<input size=\"1\" type=\"text\" name=\"form_fields[name]\" id=\"form-field-name\" class=\"elementor-field elementor-size-sm  elementor-field-textual\" placeholder=\"Nombre\" required=\"required\">\n\t\t\t\t\t\t\t\t\t\t\t<\/div>\n\t\t\t\t\t\t\t\t<div class=\"elementor-field-type-email elementor-field-group elementor-column elementor-field-group-email elementor-col-100 elementor-field-required\">\n\t\t\t\t\t\t\t\t\t\t\t\t<label for=\"form-field-email\" class=\"elementor-field-label\">\n\t\t\t\t\t\t\t\tCorreo electr\u00f3nico\t\t\t\t\t\t\t<\/label>\n\t\t\t\t\t\t\t\t\t\t\t\t\t\t<input size=\"1\" type=\"email\" name=\"form_fields[email]\" id=\"form-field-email\" class=\"elementor-field elementor-size-sm  elementor-field-textual\" placeholder=\"Correo electr\u00f3nico\" required=\"required\">\n\t\t\t\t\t\t\t\t\t\t\t<\/div>\n\t\t\t\t\t\t\t\t<div class=\"elementor-field-type-tel elementor-field-group elementor-column elementor-field-group-field_f6be90f elementor-col-100 elementor-field-required\">\n\t\t\t\t\t\t\t\t\t\t\t\t<label for=\"form-field-field_f6be90f\" class=\"elementor-field-label\">\n\t\t\t\t\t\t\t\tTel\u00e9fono\t\t\t\t\t\t\t<\/label>\n\t\t\t\t\t\t\t\t<input size=\"1\" type=\"tel\" name=\"form_fields[field_f6be90f]\" id=\"form-field-field_f6be90f\" class=\"elementor-field elementor-size-sm  elementor-field-textual\" placeholder=\"Tel\u00e9fono\" required=\"required\" pattern=\"[0-9()#&amp;+*-=.]+\" title=\"Solo se aceptan n\u00fameros y caracteres de tel\u00e9fono (#,-,*,etc).\">\n\n\t\t\t\t\t\t<\/div>\n\t\t\t\t\t\t\t\t<div class=\"elementor-field-type-textarea elementor-field-group elementor-column elementor-field-group-message elementor-col-100\">\n\t\t\t\t\t\t\t\t\t\t\t\t<label for=\"form-field-message\" class=\"elementor-field-label\">\n\t\t\t\t\t\t\t\tMensaje\t\t\t\t\t\t\t<\/label>\n\t\t\t\t\t\t<textarea class=\"elementor-field-textual elementor-field  elementor-size-sm\" name=\"form_fields[message]\" id=\"form-field-message\" rows=\"4\" placeholder=\"Mensaje\"><\/textarea>\t\t\t\t<\/div>\n\t\t\t\t\t\t\t\t<div class=\"elementor-field-type-acceptance elementor-field-group elementor-column elementor-field-group-field_6962a36 elementor-col-100 elementor-field-required\">\n\t\t\t\t\t\t\t<div class=\"elementor-field-subgroup\">\n\t\t\t<span class=\"elementor-field-option\">\n\t\t\t\t<input type=\"checkbox\" name=\"form_fields[field_6962a36]\" id=\"form-field-field_6962a36\" class=\"elementor-field elementor-size-sm  elementor-acceptance-field\" required=\"required\">\n\t\t\t\t<label for=\"form-field-field_6962a36\">Acepto la pol\u00edtica de privacidad y el env\u00edo de informaci\u00f3n.<\/label>\t\t\t<\/span>\n\t\t<\/div>\n\t\t\t\t\t\t<\/div>\n\t\t\t\t\t\t\t\t<div class=\"elementor-field-type-recaptcha_v3 elementor-field-group elementor-column elementor-field-group-field_7f53ae8 elementor-col-100 recaptcha_v3-bottomleft\">\n\t\t\t\t\t<div class=\"elementor-field\" id=\"form-field-field_7f53ae8\"><div class=\"elementor-g-recaptcha\" data-sitekey=\"6LfJ1i8rAAAAAO5pI06MUZC4OE8d7EVPPJl6G7z0\" data-type=\"v3\" data-action=\"Form\" data-badge=\"bottomleft\" data-size=\"invisible\"><\/div><\/div>\t\t\t\t<\/div>\n\t\t\t\t\t\t\t\t<div class=\"elementor-field-group elementor-column elementor-field-type-submit elementor-col-100 e-form__buttons\">\n\t\t\t\t\t<button class=\"elementor-button elementor-size-sm\" type=\"submit\">\n\t\t\t\t\t\t<span class=\"elementor-button-content-wrapper\">\n\t\t\t\t\t\t\t\t\t\t\t\t\t\t\t\t\t\t\t\t\t\t<span class=\"elementor-button-text\">Enviar<\/span>\n\t\t\t\t\t\t\t\t\t\t\t\t\t<\/span>\n\t\t\t\t\t<\/button>\n\t\t\t\t<\/div>\n\t\t\t<\/div>\n\t\t<\/form>\n\t\t\t\t\t\t<\/div>\n\t\t\t\t<\/div>\n\t\t\t\t<\/div>\n\t\t\t\t<\/div>\n\t\t\t\t<\/div>\n\t\t\t\t<\/div>\n\t\t","protected":false},"excerpt":{"rendered":"<p>Organizamos cenas de empresa en Sabadell que combinan buena comida y ambiente En La Cova de Sant Quirze sabemos lo importante que es encontrar el lugar<span class=\"excerpt-hellip\"> [\u2026]<\/span><\/p>\n","protected":false},"author":3,"featured_media":0,"parent":0,"menu_order":0,"comment_status":"closed","ping_status":"closed","template":"elementor_header_footer","meta":{"footnotes":""},"class_list":["post-3414","page","type-page","status-publish","hentry"],"yoast_head":"<!-- This site is optimized with the Yoast SEO plugin v27.4 - https:\/\/yoast.com\/product\/yoast-seo-wordpress\/ -->\n<title>Cenas de empresa en Sabadell - Restaurante La Cova<\/title>\n<meta name=\"description\" content=\"Organiza tus cenas de empresa en Sabadell sin complicaciones: men\u00fas cerrados, ambiente con DJ, espacio para grupos y una experiencia completa.\" \/>\n<meta name=\"robots\" content=\"index, follow, max-snippet:-1, max-image-preview:large, max-video-preview:-1\" \/>\n<link rel=\"canonical\" href=\"https:\/\/lacovadesantquirze.com\/ca\/cenas-de-empresa-en-sabadell\/\" \/>\n<meta property=\"og:locale\" content=\"ca_ES\" \/>\n<meta property=\"og:type\" content=\"article\" \/>\n<meta property=\"og:title\" content=\"Cenas de empresa en Sabadell - Restaurante La Cova\" \/>\n<meta property=\"og:description\" content=\"Organiza tus cenas de empresa en Sabadell sin complicaciones: men\u00fas cerrados, ambiente con DJ, espacio para grupos y una experiencia completa.\" \/>\n<meta property=\"og:url\" content=\"https:\/\/lacovadesantquirze.com\/ca\/cenas-de-empresa-en-sabadell\/\" \/>\n<meta property=\"og:site_name\" content=\"Restaurante La Cova\" \/>\n<meta property=\"article:publisher\" content=\"https:\/\/www.facebook.com\/lacovadesantquirze\/?locale=es_LA\" \/>\n<meta property=\"article:modified_time\" content=\"2025-10-03T08:53:54+00:00\" \/>\n<meta name=\"twitter:card\" content=\"summary_large_image\" \/>\n<meta name=\"twitter:label1\" content=\"Temps estimat de lectura\" \/>\n\t<meta name=\"twitter:data1\" content=\"2 minuts\" \/>\n<script type=\"application\/ld+json\" class=\"yoast-schema-graph\">{\"@context\":\"https:\\\/\\\/schema.org\",\"@graph\":[{\"@type\":\"WebPage\",\"@id\":\"https:\\\/\\\/lacovadesantquirze.com\\\/cenas-de-empresa-en-sabadell\\\/\",\"url\":\"https:\\\/\\\/lacovadesantquirze.com\\\/cenas-de-empresa-en-sabadell\\\/\",\"name\":\"Cenas de empresa en Sabadell - Restaurante La Cova\",\"isPartOf\":{\"@id\":\"https:\\\/\\\/lacovadesantquirze.com\\\/#website\"},\"datePublished\":\"2025-10-03T08:52:06+00:00\",\"dateModified\":\"2025-10-03T08:53:54+00:00\",\"description\":\"Organiza tus cenas de empresa en Sabadell sin complicaciones: men\u00fas cerrados, ambiente con DJ, espacio para grupos y una experiencia completa.\",\"breadcrumb\":{\"@id\":\"https:\\\/\\\/lacovadesantquirze.com\\\/cenas-de-empresa-en-sabadell\\\/#breadcrumb\"},\"inLanguage\":\"ca\",\"potentialAction\":[{\"@type\":\"ReadAction\",\"target\":[\"https:\\\/\\\/lacovadesantquirze.com\\\/cenas-de-empresa-en-sabadell\\\/\"]}]},{\"@type\":\"BreadcrumbList\",\"@id\":\"https:\\\/\\\/lacovadesantquirze.com\\\/cenas-de-empresa-en-sabadell\\\/#breadcrumb\",\"itemListElement\":[{\"@type\":\"ListItem\",\"position\":1,\"name\":\"Portada\",\"item\":\"https:\\\/\\\/lacovadesantquirze.com\\\/\"},{\"@type\":\"ListItem\",\"position\":2,\"name\":\"Cenas de empresa en Sabadell\"}]},{\"@type\":\"WebSite\",\"@id\":\"https:\\\/\\\/lacovadesantquirze.com\\\/#website\",\"url\":\"https:\\\/\\\/lacovadesantquirze.com\\\/\",\"name\":\"Restaurante La Cova\",\"description\":\"Restaurante La Cova\",\"publisher\":{\"@id\":\"https:\\\/\\\/lacovadesantquirze.com\\\/#organization\"},\"potentialAction\":[{\"@type\":\"SearchAction\",\"target\":{\"@type\":\"EntryPoint\",\"urlTemplate\":\"https:\\\/\\\/lacovadesantquirze.com\\\/?s={search_term_string}\"},\"query-input\":{\"@type\":\"PropertyValueSpecification\",\"valueRequired\":true,\"valueName\":\"search_term_string\"}}],\"inLanguage\":\"ca\"},{\"@type\":\"Organization\",\"@id\":\"https:\\\/\\\/lacovadesantquirze.com\\\/#organization\",\"name\":\"Restaurante La Cova Copes\",\"url\":\"https:\\\/\\\/lacovadesantquirze.com\\\/\",\"logo\":{\"@type\":\"ImageObject\",\"inLanguage\":\"ca\",\"@id\":\"https:\\\/\\\/lacovadesantquirze.com\\\/#\\\/schema\\\/logo\\\/image\\\/\",\"url\":\"https:\\\/\\\/lacovadesantquirze.com\\\/wp-content\\\/uploads\\\/2024\\\/04\\\/La-Cova500x500.webp\",\"contentUrl\":\"https:\\\/\\\/lacovadesantquirze.com\\\/wp-content\\\/uploads\\\/2024\\\/04\\\/La-Cova500x500.webp\",\"width\":500,\"height\":500,\"caption\":\"Restaurante La Cova Copes\"},\"image\":{\"@id\":\"https:\\\/\\\/lacovadesantquirze.com\\\/#\\\/schema\\\/logo\\\/image\\\/\"},\"sameAs\":[\"https:\\\/\\\/www.facebook.com\\\/lacovadesantquirze\\\/?locale=es_LA\",\"https:\\\/\\\/www.instagram.com\\\/lacovacopes\\\/\"]}]}<\/script>\n<!-- \/ Yoast SEO plugin. -->","yoast_head_json":{"title":"Cenas de empresa en Sabadell - Restaurante La Cova","description":"Organiza tus cenas de empresa en Sabadell sin complicaciones: men\u00fas cerrados, ambiente con DJ, espacio para grupos y una experiencia completa.","robots":{"index":"index","follow":"follow","max-snippet":"max-snippet:-1","max-image-preview":"max-image-preview:large","max-video-preview":"max-video-preview:-1"},"canonical":"https:\/\/lacovadesantquirze.com\/ca\/cenas-de-empresa-en-sabadell\/","og_locale":"ca_ES","og_type":"article","og_title":"Cenas de empresa en Sabadell - Restaurante La Cova","og_description":"Organiza tus cenas de empresa en Sabadell sin complicaciones: men\u00fas cerrados, ambiente con DJ, espacio para grupos y una experiencia completa.","og_url":"https:\/\/lacovadesantquirze.com\/ca\/cenas-de-empresa-en-sabadell\/","og_site_name":"Restaurante La Cova","article_publisher":"https:\/\/www.facebook.com\/lacovadesantquirze\/?locale=es_LA","article_modified_time":"2025-10-03T08:53:54+00:00","twitter_card":"summary_large_image","twitter_misc":{"Temps estimat de lectura":"2 minuts"},"schema":{"@context":"https:\/\/schema.org","@graph":[{"@type":"WebPage","@id":"https:\/\/lacovadesantquirze.com\/cenas-de-empresa-en-sabadell\/","url":"https:\/\/lacovadesantquirze.com\/cenas-de-empresa-en-sabadell\/","name":"Cenas de empresa en Sabadell - Restaurante La Cova","isPartOf":{"@id":"https:\/\/lacovadesantquirze.com\/#website"},"datePublished":"2025-10-03T08:52:06+00:00","dateModified":"2025-10-03T08:53:54+00:00","description":"Organiza tus cenas de empresa en Sabadell sin complicaciones: men\u00fas cerrados, ambiente con DJ, espacio para grupos y una experiencia completa.","breadcrumb":{"@id":"https:\/\/lacovadesantquirze.com\/cenas-de-empresa-en-sabadell\/#breadcrumb"},"inLanguage":"ca","potentialAction":[{"@type":"ReadAction","target":["https:\/\/lacovadesantquirze.com\/cenas-de-empresa-en-sabadell\/"]}]},{"@type":"BreadcrumbList","@id":"https:\/\/lacovadesantquirze.com\/cenas-de-empresa-en-sabadell\/#breadcrumb","itemListElement":[{"@type":"ListItem","position":1,"name":"Portada","item":"https:\/\/lacovadesantquirze.com\/"},{"@type":"ListItem","position":2,"name":"Cenas de empresa en Sabadell"}]},{"@type":"WebSite","@id":"https:\/\/lacovadesantquirze.com\/#website","url":"https:\/\/lacovadesantquirze.com\/","name":"Restaurant La Cova","description":"Restaurant La Cova","publisher":{"@id":"https:\/\/lacovadesantquirze.com\/#organization"},"potentialAction":[{"@type":"SearchAction","target":{"@type":"EntryPoint","urlTemplate":"https:\/\/lacovadesantquirze.com\/?s={search_term_string}"},"query-input":{"@type":"PropertyValueSpecification","valueRequired":true,"valueName":"search_term_string"}}],"inLanguage":"ca"},{"@type":"Organization","@id":"https:\/\/lacovadesantquirze.com\/#organization","name":"Restaurante La Cova Copes","url":"https:\/\/lacovadesantquirze.com\/","logo":{"@type":"ImageObject","inLanguage":"ca","@id":"https:\/\/lacovadesantquirze.com\/#\/schema\/logo\/image\/","url":"https:\/\/lacovadesantquirze.com\/wp-content\/uploads\/2024\/04\/La-Cova500x500.webp","contentUrl":"https:\/\/lacovadesantquirze.com\/wp-content\/uploads\/2024\/04\/La-Cova500x500.webp","width":500,"height":500,"caption":"Restaurante La Cova Copes"},"image":{"@id":"https:\/\/lacovadesantquirze.com\/#\/schema\/logo\/image\/"},"sameAs":["https:\/\/www.facebook.com\/lacovadesantquirze\/?locale=es_LA","https:\/\/www.instagram.com\/lacovacopes\/"]}]}},"_links":{"self":[{"href":"https:\/\/lacovadesantquirze.com\/ca\/wp-json\/wp\/v2\/pages\/3414","targetHints":{"allow":["GET"]}}],"collection":[{"href":"https:\/\/lacovadesantquirze.com\/ca\/wp-json\/wp\/v2\/pages"}],"about":[{"href":"https:\/\/lacovadesantquirze.com\/ca\/wp-json\/wp\/v2\/types\/page"}],"author":[{"embeddable":true,"href":"https:\/\/lacovadesantquirze.com\/ca\/wp-json\/wp\/v2\/users\/3"}],"replies":[{"embeddable":true,"href":"https:\/\/lacovadesantquirze.com\/ca\/wp-json\/wp\/v2\/comments?post=3414"}],"version-history":[{"count":4,"href":"https:\/\/lacovadesantquirze.com\/ca\/wp-json\/wp\/v2\/pages\/3414\/revisions"}],"predecessor-version":[{"id":3419,"href":"https:\/\/lacovadesantquirze.com\/ca\/wp-json\/wp\/v2\/pages\/3414\/revisions\/3419"}],"wp:attachment":[{"href":"https:\/\/lacovadesantquirze.com\/ca\/wp-json\/wp\/v2\/media?parent=3414"}],"curies":[{"name":"wp","href":"https:\/\/api.w.org\/{rel}","templated":true}]}}