{"id":3422,"date":"2025-10-03T10:58:00","date_gmt":"2025-10-03T08:58:00","guid":{"rendered":"https:\/\/lacovadesantquirze.com\/?page_id=3422"},"modified":"2025-10-03T10:59:09","modified_gmt":"2025-10-03T08:59:09","slug":"cocteleria-en-sabadell","status":"publish","type":"page","link":"https:\/\/lacovadesantquirze.com\/ca\/cocteleria-en-sabadell\/","title":{"rendered":"Cocteleria a Sabadell"},"content":{"rendered":"\t\t<div data-elementor-type=\"wp-page\" data-elementor-id=\"3422\" class=\"elementor elementor-3422\" data-elementor-post-type=\"page\">\n\t\t\t\t<div class=\"elementor-element elementor-element-f87714d e-flex e-con-boxed e-con e-parent\" data-id=\"f87714d\" data-element_type=\"container\" data-e-type=\"container\" data-settings=\"{&quot;background_background&quot;:&quot;classic&quot;,&quot;shape_divider_bottom&quot;:&quot;tilt&quot;}\">\n\t\t\t\t\t<div class=\"e-con-inner\">\n\t\t\t\t<div class=\"elementor-shape elementor-shape-bottom\" aria-hidden=\"true\" data-negative=\"false\">\n\t\t\t<svg xmlns=\"http:\/\/www.w3.org\/2000\/svg\" viewBox=\"0 0 1000 100\" preserveAspectRatio=\"none\">\n\t<path class=\"elementor-shape-fill\" d=\"M0,6V0h1000v100L0,6z\"\/>\n<\/svg>\t\t<\/div>\n\t\t<div class=\"elementor-element elementor-element-65c5456 e-con-full e-flex e-con e-child\" data-id=\"65c5456\" data-element_type=\"container\" data-e-type=\"container\">\n\t\t\t\t<div class=\"elementor-element elementor-element-25504a8 elementor-widget elementor-widget-heading\" data-id=\"25504a8\" data-element_type=\"widget\" data-e-type=\"widget\" data-widget_type=\"heading.default\">\n\t\t\t\t<div class=\"elementor-widget-container\">\n\t\t\t\t\t<h1 class=\"elementor-heading-title elementor-size-default\">Cocteler\u00eda en Sabadell<\/h1>\t\t\t\t<\/div>\n\t\t\t\t<\/div>\n\t\t\t\t<\/div>\n\t\t\t\t\t<\/div>\n\t\t\t\t<\/div>\n\t\t<div class=\"elementor-element elementor-element-d924936 e-con-full e-flex e-con e-parent\" data-id=\"d924936\" data-element_type=\"container\" data-e-type=\"container\" data-settings=\"{&quot;background_background&quot;:&quot;classic&quot;}\">\n\t\t<div class=\"elementor-element elementor-element-24199cb e-con-full e-flex e-con e-child\" data-id=\"24199cb\" data-element_type=\"container\" data-e-type=\"container\" data-settings=\"{&quot;background_background&quot;:&quot;classic&quot;}\">\n\t\t<div class=\"elementor-element elementor-element-db93689 e-con-full e-flex e-con e-child\" data-id=\"db93689\" data-element_type=\"container\" data-e-type=\"container\" data-settings=\"{&quot;background_background&quot;:&quot;classic&quot;}\">\n\t\t\t\t<\/div>\n\t\t<div class=\"elementor-element elementor-element-d8dc994 e-con-full e-flex e-con e-child\" data-id=\"d8dc994\" data-element_type=\"container\" data-e-type=\"container\">\n\t\t\t\t<div class=\"elementor-element elementor-element-50e2a58 elementor-widget elementor-widget-heading\" data-id=\"50e2a58\" data-element_type=\"widget\" data-e-type=\"widget\" data-widget_type=\"heading.default\">\n\t\t\t\t<div class=\"elementor-widget-container\">\n\t\t\t\t\t<h2 class=\"elementor-heading-title elementor-size-default\">Nuestra propuesta de cocteler\u00eda en Sabadell: sabor, ambiente y experiencia<\/h2>\t\t\t\t<\/div>\n\t\t\t\t<\/div>\n\t\t\t\t<div class=\"elementor-element elementor-element-761d2f8 elementor-widget elementor-widget-text-editor\" data-id=\"761d2f8\" data-element_type=\"widget\" data-e-type=\"widget\" data-widget_type=\"text-editor.default\">\n\t\t\t\t<div class=\"elementor-widget-container\">\n\t\t\t\t\t\t\t\t\t<p style=\"text-align: justify;\" data-start=\"473\" data-end=\"896\">En <strong>La Cova de Sant Quirze<\/strong> hemos creado un espacio pensado para quienes buscan m\u00e1s que una copa. Nuestra propuesta de <strong data-start=\"590\" data-end=\"616\">cocteler\u00eda en Sabadell<\/strong> combina recetas cl\u00e1sicas con creaciones propias, elaboradas con mimo por nuestro equipo. Sabemos que un buen c\u00f3ctel no es solo cuesti\u00f3n de mezclar ingredientes, sino de ofrecer una experiencia que acompa\u00f1e una buena conversaci\u00f3n, una noche especial o una celebraci\u00f3n con amigos.<\/p><p style=\"text-align: justify;\" data-start=\"898\" data-end=\"1428\">Utilizamos licores de calidad, frutas frescas y toques creativos para que cada c\u00f3ctel tenga identidad propia. Tanto si te apetece algo suave y refrescante como si prefieres combinaciones m\u00e1s intensas, en nuestra carta encontrar\u00e1s opciones para todos los gustos. Y si no sabes por cu\u00e1l decidirte, te asesoramos encantados. Porque disfrutar de la <strong data-start=\"1243\" data-end=\"1269\">cocteler\u00eda en Sabadell<\/strong> es mucho m\u00e1s f\u00e1cil cuando te dejas llevar en el ambiente de <strong>La Cova:<\/strong> buena m\u00fasica, iluminaci\u00f3n cuidada y ese toque especial que hace que cada noche sea \u00fanica.<\/p>\t\t\t\t\t\t\t\t<\/div>\n\t\t\t\t<\/div>\n\t\t\t\t<\/div>\n\t\t\t\t<\/div>\n\t\t\t\t<\/div>\n\t\t<div class=\"elementor-element elementor-element-318e299 e-con-full e-flex e-con e-parent\" data-id=\"318e299\" data-element_type=\"container\" data-e-type=\"container\" data-settings=\"{&quot;background_background&quot;:&quot;classic&quot;}\">\n\t\t<div class=\"elementor-element elementor-element-5c65b06 e-con-full e-flex e-con e-child\" data-id=\"5c65b06\" data-element_type=\"container\" data-e-type=\"container\" data-settings=\"{&quot;background_background&quot;:&quot;classic&quot;}\">\n\t\t<div class=\"elementor-element elementor-element-e26a88e e-con-full e-flex e-con e-child\" data-id=\"e26a88e\" data-element_type=\"container\" data-e-type=\"container\">\n\t\t\t\t<div class=\"elementor-element elementor-element-3ce672f elementor-widget elementor-widget-heading\" data-id=\"3ce672f\" data-element_type=\"widget\" data-e-type=\"widget\" data-widget_type=\"heading.default\">\n\t\t\t\t<div class=\"elementor-widget-container\">\n\t\t\t\t\t<h2 class=\"elementor-heading-title elementor-size-default\">Vive la cocteler\u00eda en Sabadell con m\u00fasica en directo, shishas y copas<\/h2>\t\t\t\t<\/div>\n\t\t\t\t<\/div>\n\t\t\t\t<div class=\"elementor-element elementor-element-916e417 elementor-widget elementor-widget-text-editor\" data-id=\"916e417\" data-element_type=\"widget\" data-e-type=\"widget\" data-widget_type=\"text-editor.default\">\n\t\t\t\t<div class=\"elementor-widget-container\">\n\t\t\t\t\t\t\t\t\t<p style=\"text-align: justify;\" data-start=\"1514\" data-end=\"1965\">Nuestra <strong data-start=\"1522\" data-end=\"1548\">cocteler\u00eda en Sabadell<\/strong> no es solo una barra bien surtida. Es una experiencia completa que empieza con una cena mediterr\u00e1nea al gusto, sigue con un c\u00f3ctel preparado al momento, y se transforma despu\u00e9s en una noche con DJ, copas y shishas en un ambiente \u00fanico. Cada fin de semana, a partir de la medianoche, La Cova se convierte en un punto de encuentro donde el ritmo, la buena compa\u00f1\u00eda y la mezcla de sabores dan forma a noches memorables.<\/p><p style=\"text-align: justify;\" data-start=\"1967\" data-end=\"2444\">Tanto si vienes en pareja como con un grupo de amigos, aqu\u00ed encontrar\u00e1s el lugar perfecto para tomar algo y desconectar. Y lo mejor: sin necesidad de entrada. La nuestra es una <strong data-start=\"2144\" data-end=\"2170\">cocteler\u00eda en Sabadell<\/strong> con entrada gratuita, servicio de mesas y un equipo que cuida los detalles para que solo tengas que preocuparte de disfrutar. \u00bfTe apetece un mojito bien hecho? \u00bfUn gin-tonic premium? \u00bfAlgo m\u00e1s ex\u00f3tico? Lo tenemos. Te esperamos en La Cova para brindar por las buenas noches.<\/p>\t\t\t\t\t\t\t\t<\/div>\n\t\t\t\t<\/div>\n\t\t\t\t<\/div>\n\t\t<div class=\"elementor-element elementor-element-721b52e e-con-full e-flex e-con e-child\" data-id=\"721b52e\" data-element_type=\"container\" data-e-type=\"container\" data-settings=\"{&quot;background_background&quot;:&quot;classic&quot;}\">\n\t\t\t\t<\/div>\n\t\t\t\t<\/div>\n\t\t\t\t<\/div>\n\t\t<div class=\"elementor-element elementor-element-134ab1e e-con-full e-flex e-con e-parent\" data-id=\"134ab1e\" data-element_type=\"container\" data-e-type=\"container\" data-settings=\"{&quot;background_background&quot;:&quot;classic&quot;}\">\n\t\t<div class=\"elementor-element elementor-element-2881c19 e-con-full e-flex e-con e-child\" data-id=\"2881c19\" data-element_type=\"container\" data-e-type=\"container\" data-settings=\"{&quot;background_background&quot;:&quot;classic&quot;}\">\n\t\t<div class=\"elementor-element elementor-element-129ddbb e-con-full e-flex e-con e-child\" data-id=\"129ddbb\" data-element_type=\"container\" data-e-type=\"container\">\n\t\t\t\t<div class=\"elementor-element elementor-element-3d0c593 elementor-widget elementor-widget-text-editor\" data-id=\"3d0c593\" data-element_type=\"widget\" data-e-type=\"widget\" data-widget_type=\"text-editor.default\">\n\t\t\t\t<div class=\"elementor-widget-container\">\n\t\t\t\t\t\t\t\t\t<div id=\"lipsum\">\n<h4><span style=\"color: #ffffff;\">Cont\u00e1ctanos<\/span><\/h4>\n<\/div>\t\t\t\t\t\t\t\t<\/div>\n\t\t\t\t<\/div>\n\t\t\t\t<div class=\"elementor-element elementor-element-e9af4dc elementor-button-align-stretch elementor-widget elementor-widget-form\" data-id=\"e9af4dc\" data-element_type=\"widget\" data-e-type=\"widget\" data-settings=\"{&quot;step_next_label&quot;:&quot;Siguiente&quot;,&quot;step_previous_label&quot;:&quot;Anterior&quot;,&quot;button_width&quot;:&quot;100&quot;,&quot;step_type&quot;:&quot;number_text&quot;,&quot;step_icon_shape&quot;:&quot;circle&quot;}\" data-widget_type=\"form.default\">\n\t\t\t\t<div class=\"elementor-widget-container\">\n\t\t\t\t\t\t\t<form class=\"elementor-form\" method=\"post\" name=\"Nuevo formulario\" aria-label=\"Nuevo formulario\">\n\t\t\t<input type=\"hidden\" name=\"post_id\" value=\"3422\"\/>\n\t\t\t<input type=\"hidden\" name=\"form_id\" value=\"e9af4dc\"\/>\n\t\t\t<input type=\"hidden\" name=\"referer_title\" value=\"Cocteler\u00eda en Sabadell - Restaurante La Cova\" \/>\n\n\t\t\t\t\t\t\t<input type=\"hidden\" name=\"queried_id\" value=\"3422\"\/>\n\t\t\t\n\t\t\t<div class=\"elementor-form-fields-wrapper elementor-labels-above\">\n\t\t\t\t\t\t\t\t<div class=\"elementor-field-type-text elementor-field-group elementor-column elementor-field-group-name elementor-col-100 elementor-field-required\">\n\t\t\t\t\t\t\t\t\t\t\t\t<label for=\"form-field-name\" class=\"elementor-field-label\">\n\t\t\t\t\t\t\t\tNombre\t\t\t\t\t\t\t<\/label>\n\t\t\t\t\t\t\t\t\t\t\t\t\t\t<input size=\"1\" type=\"text\" name=\"form_fields[name]\" id=\"form-field-name\" class=\"elementor-field elementor-size-sm  elementor-field-textual\" placeholder=\"Nombre\" required=\"required\">\n\t\t\t\t\t\t\t\t\t\t\t<\/div>\n\t\t\t\t\t\t\t\t<div class=\"elementor-field-type-email elementor-field-group elementor-column elementor-field-group-email elementor-col-100 elementor-field-required\">\n\t\t\t\t\t\t\t\t\t\t\t\t<label for=\"form-field-email\" class=\"elementor-field-label\">\n\t\t\t\t\t\t\t\tCorreo electr\u00f3nico\t\t\t\t\t\t\t<\/label>\n\t\t\t\t\t\t\t\t\t\t\t\t\t\t<input size=\"1\" type=\"email\" name=\"form_fields[email]\" id=\"form-field-email\" class=\"elementor-field elementor-size-sm  elementor-field-textual\" placeholder=\"Correo electr\u00f3nico\" required=\"required\">\n\t\t\t\t\t\t\t\t\t\t\t<\/div>\n\t\t\t\t\t\t\t\t<div class=\"elementor-field-type-tel elementor-field-group elementor-column elementor-field-group-field_f6be90f elementor-col-100 elementor-field-required\">\n\t\t\t\t\t\t\t\t\t\t\t\t<label for=\"form-field-field_f6be90f\" class=\"elementor-field-label\">\n\t\t\t\t\t\t\t\tTel\u00e9fono\t\t\t\t\t\t\t<\/label>\n\t\t\t\t\t\t\t\t<input size=\"1\" type=\"tel\" name=\"form_fields[field_f6be90f]\" id=\"form-field-field_f6be90f\" class=\"elementor-field elementor-size-sm  elementor-field-textual\" placeholder=\"Tel\u00e9fono\" required=\"required\" pattern=\"[0-9()#&amp;+*-=.]+\" title=\"Solo se aceptan n\u00fameros y caracteres de tel\u00e9fono (#,-,*,etc).\">\n\n\t\t\t\t\t\t<\/div>\n\t\t\t\t\t\t\t\t<div class=\"elementor-field-type-textarea elementor-field-group elementor-column elementor-field-group-message elementor-col-100\">\n\t\t\t\t\t\t\t\t\t\t\t\t<label for=\"form-field-message\" class=\"elementor-field-label\">\n\t\t\t\t\t\t\t\tMensaje\t\t\t\t\t\t\t<\/label>\n\t\t\t\t\t\t<textarea class=\"elementor-field-textual elementor-field  elementor-size-sm\" name=\"form_fields[message]\" id=\"form-field-message\" rows=\"4\" placeholder=\"Mensaje\"><\/textarea>\t\t\t\t<\/div>\n\t\t\t\t\t\t\t\t<div class=\"elementor-field-type-acceptance elementor-field-group elementor-column elementor-field-group-field_6962a36 elementor-col-100 elementor-field-required\">\n\t\t\t\t\t\t\t<div class=\"elementor-field-subgroup\">\n\t\t\t<span class=\"elementor-field-option\">\n\t\t\t\t<input type=\"checkbox\" name=\"form_fields[field_6962a36]\" id=\"form-field-field_6962a36\" class=\"elementor-field elementor-size-sm  elementor-acceptance-field\" required=\"required\">\n\t\t\t\t<label for=\"form-field-field_6962a36\">Acepto la pol\u00edtica de privacidad y el env\u00edo de informaci\u00f3n.<\/label>\t\t\t<\/span>\n\t\t<\/div>\n\t\t\t\t\t\t<\/div>\n\t\t\t\t\t\t\t\t<div class=\"elementor-field-type-recaptcha_v3 elementor-field-group elementor-column elementor-field-group-field_7f53ae8 elementor-col-100 recaptcha_v3-bottomleft\">\n\t\t\t\t\t<div class=\"elementor-field\" id=\"form-field-field_7f53ae8\"><div class=\"elementor-g-recaptcha\" data-sitekey=\"6LfJ1i8rAAAAAO5pI06MUZC4OE8d7EVPPJl6G7z0\" data-type=\"v3\" data-action=\"Form\" data-badge=\"bottomleft\" data-size=\"invisible\"><\/div><\/div>\t\t\t\t<\/div>\n\t\t\t\t\t\t\t\t<div class=\"elementor-field-group elementor-column elementor-field-type-submit elementor-col-100 e-form__buttons\">\n\t\t\t\t\t<button class=\"elementor-button elementor-size-sm\" type=\"submit\">\n\t\t\t\t\t\t<span class=\"elementor-button-content-wrapper\">\n\t\t\t\t\t\t\t\t\t\t\t\t\t\t\t\t\t\t\t\t\t\t<span class=\"elementor-button-text\">Enviar<\/span>\n\t\t\t\t\t\t\t\t\t\t\t\t\t<\/span>\n\t\t\t\t\t<\/button>\n\t\t\t\t<\/div>\n\t\t\t<\/div>\n\t\t<\/form>\n\t\t\t\t\t\t<\/div>\n\t\t\t\t<\/div>\n\t\t\t\t<\/div>\n\t\t\t\t<\/div>\n\t\t\t\t<\/div>\n\t\t\t\t<\/div>\n\t\t","protected":false},"excerpt":{"rendered":"<p>Nuestra propuesta de cocteler\u00eda en Sabadell: sabor, ambiente y experiencia En La Cova de Sant Quirze hemos creado un espacio pensado para quienes buscan m\u00e1s que<span class=\"excerpt-hellip\"> [\u2026]<\/span><\/p>\n","protected":false},"author":3,"featured_media":0,"parent":0,"menu_order":0,"comment_status":"closed","ping_status":"closed","template":"elementor_header_footer","meta":{"footnotes":""},"class_list":["post-3422","page","type-page","status-publish","hentry"],"yoast_head":"<!-- This site is optimized with the Yoast SEO plugin v27.4 - https:\/\/yoast.com\/product\/yoast-seo-wordpress\/ -->\n<title>Cocteler\u00eda en Sabadell - Restaurante La Cova<\/title>\n<meta name=\"description\" content=\"Descubre nuestra cocteler\u00eda en Sabadell: c\u00f3cteles cl\u00e1sicos y de autor, buen ambiente, DJ en directo y entrada gratuita.\" \/>\n<meta name=\"robots\" content=\"index, follow, max-snippet:-1, max-image-preview:large, max-video-preview:-1\" \/>\n<link rel=\"canonical\" href=\"https:\/\/lacovadesantquirze.com\/ca\/cocteleria-en-sabadell\/\" \/>\n<meta property=\"og:locale\" content=\"ca_ES\" \/>\n<meta property=\"og:type\" content=\"article\" \/>\n<meta property=\"og:title\" content=\"Cocteler\u00eda en Sabadell - Restaurante La Cova\" \/>\n<meta property=\"og:description\" content=\"Descubre nuestra cocteler\u00eda en Sabadell: c\u00f3cteles cl\u00e1sicos y de autor, buen ambiente, DJ en directo y entrada gratuita.\" \/>\n<meta property=\"og:url\" content=\"https:\/\/lacovadesantquirze.com\/ca\/cocteleria-en-sabadell\/\" \/>\n<meta property=\"og:site_name\" content=\"Restaurante La Cova\" \/>\n<meta property=\"article:publisher\" content=\"https:\/\/www.facebook.com\/lacovadesantquirze\/?locale=es_LA\" \/>\n<meta property=\"article:modified_time\" content=\"2025-10-03T08:59:09+00:00\" \/>\n<meta name=\"twitter:card\" content=\"summary_large_image\" \/>\n<meta name=\"twitter:label1\" content=\"Temps estimat de lectura\" \/>\n\t<meta name=\"twitter:data1\" content=\"2 minuts\" \/>\n<script type=\"application\/ld+json\" class=\"yoast-schema-graph\">{\"@context\":\"https:\\\/\\\/schema.org\",\"@graph\":[{\"@type\":\"WebPage\",\"@id\":\"https:\\\/\\\/lacovadesantquirze.com\\\/cocteleria-en-sabadell\\\/\",\"url\":\"https:\\\/\\\/lacovadesantquirze.com\\\/cocteleria-en-sabadell\\\/\",\"name\":\"Cocteler\u00eda en Sabadell - Restaurante La Cova\",\"isPartOf\":{\"@id\":\"https:\\\/\\\/lacovadesantquirze.com\\\/#website\"},\"datePublished\":\"2025-10-03T08:58:00+00:00\",\"dateModified\":\"2025-10-03T08:59:09+00:00\",\"description\":\"Descubre nuestra cocteler\u00eda en Sabadell: c\u00f3cteles cl\u00e1sicos y de autor, buen ambiente, DJ en directo y entrada gratuita.\",\"breadcrumb\":{\"@id\":\"https:\\\/\\\/lacovadesantquirze.com\\\/cocteleria-en-sabadell\\\/#breadcrumb\"},\"inLanguage\":\"ca\",\"potentialAction\":[{\"@type\":\"ReadAction\",\"target\":[\"https:\\\/\\\/lacovadesantquirze.com\\\/cocteleria-en-sabadell\\\/\"]}]},{\"@type\":\"BreadcrumbList\",\"@id\":\"https:\\\/\\\/lacovadesantquirze.com\\\/cocteleria-en-sabadell\\\/#breadcrumb\",\"itemListElement\":[{\"@type\":\"ListItem\",\"position\":1,\"name\":\"Portada\",\"item\":\"https:\\\/\\\/lacovadesantquirze.com\\\/\"},{\"@type\":\"ListItem\",\"position\":2,\"name\":\"Cocteler\u00eda en Sabadell\"}]},{\"@type\":\"WebSite\",\"@id\":\"https:\\\/\\\/lacovadesantquirze.com\\\/#website\",\"url\":\"https:\\\/\\\/lacovadesantquirze.com\\\/\",\"name\":\"Restaurante La Cova\",\"description\":\"Restaurante La Cova\",\"publisher\":{\"@id\":\"https:\\\/\\\/lacovadesantquirze.com\\\/#organization\"},\"potentialAction\":[{\"@type\":\"SearchAction\",\"target\":{\"@type\":\"EntryPoint\",\"urlTemplate\":\"https:\\\/\\\/lacovadesantquirze.com\\\/?s={search_term_string}\"},\"query-input\":{\"@type\":\"PropertyValueSpecification\",\"valueRequired\":true,\"valueName\":\"search_term_string\"}}],\"inLanguage\":\"ca\"},{\"@type\":\"Organization\",\"@id\":\"https:\\\/\\\/lacovadesantquirze.com\\\/#organization\",\"name\":\"Restaurante La Cova Copes\",\"url\":\"https:\\\/\\\/lacovadesantquirze.com\\\/\",\"logo\":{\"@type\":\"ImageObject\",\"inLanguage\":\"ca\",\"@id\":\"https:\\\/\\\/lacovadesantquirze.com\\\/#\\\/schema\\\/logo\\\/image\\\/\",\"url\":\"https:\\\/\\\/lacovadesantquirze.com\\\/wp-content\\\/uploads\\\/2024\\\/04\\\/La-Cova500x500.webp\",\"contentUrl\":\"https:\\\/\\\/lacovadesantquirze.com\\\/wp-content\\\/uploads\\\/2024\\\/04\\\/La-Cova500x500.webp\",\"width\":500,\"height\":500,\"caption\":\"Restaurante La Cova Copes\"},\"image\":{\"@id\":\"https:\\\/\\\/lacovadesantquirze.com\\\/#\\\/schema\\\/logo\\\/image\\\/\"},\"sameAs\":[\"https:\\\/\\\/www.facebook.com\\\/lacovadesantquirze\\\/?locale=es_LA\",\"https:\\\/\\\/www.instagram.com\\\/lacovacopes\\\/\"]}]}<\/script>\n<!-- \/ Yoast SEO plugin. -->","yoast_head_json":{"title":"Cocteler\u00eda en Sabadell - Restaurante La Cova","description":"Descubre nuestra cocteler\u00eda en Sabadell: c\u00f3cteles cl\u00e1sicos y de autor, buen ambiente, DJ en directo y entrada gratuita.","robots":{"index":"index","follow":"follow","max-snippet":"max-snippet:-1","max-image-preview":"max-image-preview:large","max-video-preview":"max-video-preview:-1"},"canonical":"https:\/\/lacovadesantquirze.com\/ca\/cocteleria-en-sabadell\/","og_locale":"ca_ES","og_type":"article","og_title":"Cocteler\u00eda en Sabadell - Restaurante La Cova","og_description":"Descubre nuestra cocteler\u00eda en Sabadell: c\u00f3cteles cl\u00e1sicos y de autor, buen ambiente, DJ en directo y entrada gratuita.","og_url":"https:\/\/lacovadesantquirze.com\/ca\/cocteleria-en-sabadell\/","og_site_name":"Restaurante La Cova","article_publisher":"https:\/\/www.facebook.com\/lacovadesantquirze\/?locale=es_LA","article_modified_time":"2025-10-03T08:59:09+00:00","twitter_card":"summary_large_image","twitter_misc":{"Temps estimat de lectura":"2 minuts"},"schema":{"@context":"https:\/\/schema.org","@graph":[{"@type":"WebPage","@id":"https:\/\/lacovadesantquirze.com\/cocteleria-en-sabadell\/","url":"https:\/\/lacovadesantquirze.com\/cocteleria-en-sabadell\/","name":"Cocteler\u00eda en Sabadell - Restaurante La Cova","isPartOf":{"@id":"https:\/\/lacovadesantquirze.com\/#website"},"datePublished":"2025-10-03T08:58:00+00:00","dateModified":"2025-10-03T08:59:09+00:00","description":"Descubre nuestra cocteler\u00eda en Sabadell: c\u00f3cteles cl\u00e1sicos y de autor, buen ambiente, DJ en directo y entrada gratuita.","breadcrumb":{"@id":"https:\/\/lacovadesantquirze.com\/cocteleria-en-sabadell\/#breadcrumb"},"inLanguage":"ca","potentialAction":[{"@type":"ReadAction","target":["https:\/\/lacovadesantquirze.com\/cocteleria-en-sabadell\/"]}]},{"@type":"BreadcrumbList","@id":"https:\/\/lacovadesantquirze.com\/cocteleria-en-sabadell\/#breadcrumb","itemListElement":[{"@type":"ListItem","position":1,"name":"Portada","item":"https:\/\/lacovadesantquirze.com\/"},{"@type":"ListItem","position":2,"name":"Cocteler\u00eda en Sabadell"}]},{"@type":"WebSite","@id":"https:\/\/lacovadesantquirze.com\/#website","url":"https:\/\/lacovadesantquirze.com\/","name":"Restaurant La Cova","description":"Restaurant La Cova","publisher":{"@id":"https:\/\/lacovadesantquirze.com\/#organization"},"potentialAction":[{"@type":"SearchAction","target":{"@type":"EntryPoint","urlTemplate":"https:\/\/lacovadesantquirze.com\/?s={search_term_string}"},"query-input":{"@type":"PropertyValueSpecification","valueRequired":true,"valueName":"search_term_string"}}],"inLanguage":"ca"},{"@type":"Organization","@id":"https:\/\/lacovadesantquirze.com\/#organization","name":"Restaurante La Cova Copes","url":"https:\/\/lacovadesantquirze.com\/","logo":{"@type":"ImageObject","inLanguage":"ca","@id":"https:\/\/lacovadesantquirze.com\/#\/schema\/logo\/image\/","url":"https:\/\/lacovadesantquirze.com\/wp-content\/uploads\/2024\/04\/La-Cova500x500.webp","contentUrl":"https:\/\/lacovadesantquirze.com\/wp-content\/uploads\/2024\/04\/La-Cova500x500.webp","width":500,"height":500,"caption":"Restaurante La Cova Copes"},"image":{"@id":"https:\/\/lacovadesantquirze.com\/#\/schema\/logo\/image\/"},"sameAs":["https:\/\/www.facebook.com\/lacovadesantquirze\/?locale=es_LA","https:\/\/www.instagram.com\/lacovacopes\/"]}]}},"_links":{"self":[{"href":"https:\/\/lacovadesantquirze.com\/ca\/wp-json\/wp\/v2\/pages\/3422","targetHints":{"allow":["GET"]}}],"collection":[{"href":"https:\/\/lacovadesantquirze.com\/ca\/wp-json\/wp\/v2\/pages"}],"about":[{"href":"https:\/\/lacovadesantquirze.com\/ca\/wp-json\/wp\/v2\/types\/page"}],"author":[{"embeddable":true,"href":"https:\/\/lacovadesantquirze.com\/ca\/wp-json\/wp\/v2\/users\/3"}],"replies":[{"embeddable":true,"href":"https:\/\/lacovadesantquirze.com\/ca\/wp-json\/wp\/v2\/comments?post=3422"}],"version-history":[{"count":4,"href":"https:\/\/lacovadesantquirze.com\/ca\/wp-json\/wp\/v2\/pages\/3422\/revisions"}],"predecessor-version":[{"id":3426,"href":"https:\/\/lacovadesantquirze.com\/ca\/wp-json\/wp\/v2\/pages\/3422\/revisions\/3426"}],"wp:attachment":[{"href":"https:\/\/lacovadesantquirze.com\/ca\/wp-json\/wp\/v2\/media?parent=3422"}],"curies":[{"name":"wp","href":"https:\/\/api.w.org\/{rel}","templated":true}]}}